{"id":1057,"date":"2026-01-17T17:30:22","date_gmt":"2026-01-17T16:30:22","guid":{"rendered":"https:\/\/edumedit.pl\/polityka-jakosci\/"},"modified":"2026-04-17T11:11:24","modified_gmt":"2026-04-17T09:11:24","slug":"polityka-jakosci","status":"publish","type":"page","link":"https:\/\/edumedit.pl\/en\/polityka-jakosci\/","title":{"rendered":"Polityka jako\u015bci"},"content":{"rendered":"<div class='breakdance'><section class=\"bde-section-1057-100 bde-section\">\n  \n  \n\t\n\n\n\n<div class=\"section-container\"><h1 class=\"bde-heading-1057-101 bde-heading\">\nPolityka jako\u015bci\n<\/h1><\/div>\n<\/section><section class=\"bde-section-1057-102 bde-section\">\n  \n  \n\t\n\n\n\n<div class=\"section-container\"><div class=\"bde-rich-text-1057-103 bde-rich-text breakdance-rich-text-styles\">\n<p><b>Polityka Jako\u015bci i Misja EDUMEDIT<\/b><\/p>\n<p><b>Misja:<\/b><span style=\"font-weight: 400;\"><br \/><\/span><span style=\"font-weight: 400;\">Nasz\u0105 misj\u0105 jest dostarczanie us\u0142ug szkoleniowych najwy\u017cszej jako\u015bci, wspieraj\u0105cych rozw\u00f3j kompetencji i umiej\u0119tno\u015bci naszych klient\u00f3w oraz przyczyniaj\u0105cych si\u0119 do ich sukces\u00f3w zawodowych <\/span><span style=\"font-weight: 400;\"><br \/><\/span><span style=\"font-weight: 400;\">i osobistych.<\/span><\/p>\n<p><b>Zasady i zobowi\u0105zania EDUMEDIT:<\/b><\/p>\n<ul>\n<li style=\"font-weight: 400;\" aria-level=\"1\"><b>Orientacja na klienta:<\/b><span style=\"font-weight: 400;\"> rozumiemy potrzeby uczestnik\u00f3w szkole\u0144 i dostarczamy rozwi\u0105zania, kt\u00f3re w pe\u0142ni je spe\u0142niaj\u0105.<\/span><\/li>\n<li style=\"font-weight: 400;\" aria-level=\"1\"><b>Jako\u015b\u0107 us\u0142ug:<\/b><span style=\"font-weight: 400;\"> stosujemy nowoczesne metody dydaktyczne, aktualizujemy materia\u0142y szkoleniowe i zapewniamy kompetentn\u0105 kadr\u0119 trenersk\u0105.<\/span><\/li>\n<li style=\"font-weight: 400;\" aria-level=\"1\"><b>Rozw\u00f3j i innowacje:<\/b><span style=\"font-weight: 400;\"> stale doskonalimy ofert\u0119 oraz kompetencje pracownik\u00f3w, wprowadzaj\u0105c innowacyjne rozwi\u0105zania zwi\u0119kszaj\u0105ce efektywno\u015b\u0107 szkole\u0144.<\/span><\/li>\n<li style=\"font-weight: 400;\" aria-level=\"1\"><b>Zaanga\u017cowanie pracownik\u00f3w:<\/b><span style=\"font-weight: 400;\"> tworzymy \u015brodowisko sprzyjaj\u0105ce kreatywno\u015bci i motywacji, uznaj\u0105c wiedz\u0119 i zaanga\u017cowanie zespo\u0142u za klucz do jako\u015bci us\u0142ug.<\/span><\/li>\n<li style=\"font-weight: 400;\" aria-level=\"1\"><b>Zgodno\u015b\u0107 z wymaganiami:<\/b><span style=\"font-weight: 400;\"> przestrzegamy przepis\u00f3w prawa, norm jako\u015bciowych i standard\u00f3w bran\u017cowych, dbaj\u0105c o pe\u0142n\u0105 zgodno\u015b\u0107 dzia\u0142a\u0144 z regulacjami.<\/span><\/li>\n<\/ul>\n<p><b>Cele jako\u015bci:<\/b><\/p>\n<ul>\n<li style=\"font-weight: 400;\" aria-level=\"1\"><span style=\"font-weight: 400;\">Regularna ewaluacja szkole\u0144 i analiza opinii uczestnik\u00f3w w celu ci\u0105g\u0142ego doskonalenia oferty.<\/span><\/li>\n<li style=\"font-weight: 400;\" aria-level=\"1\"><span style=\"font-weight: 400;\">Poszerzanie zakresu tematycznego szkole\u0144 w odpowiedzi na potrzeby rynku.<\/span><\/li>\n<li style=\"font-weight: 400;\" aria-level=\"1\"><span style=\"font-weight: 400;\">Utrzymanie wysokiej satysfakcji klient\u00f3w (co najmniej 95%).<\/span><\/li>\n<li style=\"font-weight: 400;\" aria-level=\"1\"><span style=\"font-weight: 400;\">Szkolenie i certyfikacja kadry trenerskiej w celu zapewnienia najwy\u017cszych standard\u00f3w edukacyjnych.<\/span><\/li>\n<\/ul>\n<p><span style=\"font-weight: 400;\">Polityka jako\u015bci stanowi fundament naszego systemu zarz\u0105dzania jako\u015bci\u0105. Zobowi\u0105zujemy si\u0119 do jej sta\u0142ego doskonalenia, aby umacnia\u0107 pozycj\u0119 EDUMEDIT jako lidera w bran\u017cy szkoleniowej.<\/span><\/p>\n<p><b>Zarz\u0105d EDUMEDIT Sp. z o.o.<\/b><\/p>\n<\/div><\/div>\n<\/section><\/div>","protected":false},"excerpt":{"rendered":"<p>Polityka jako\u015bci Polityka Jako\u015bci i Misja EDUMEDIT Misja:Nasz\u0105 misj\u0105 jest dostarczanie us\u0142ug szkoleniowych najwy\u017cszej jako\u015bci, wspieraj\u0105cych rozw\u00f3j kompetencji i umiej\u0119tno\u015bci naszych klient\u00f3w oraz przyczyniaj\u0105cych si\u0119 do ich sukces\u00f3w zawodowych i osobistych. Zasady i zobowi\u0105zania EDUMEDIT: Orientacja na klienta: rozumiemy potrzeby uczestnik\u00f3w szkole\u0144 i dostarczamy rozwi\u0105zania, kt\u00f3re w pe\u0142ni je spe\u0142niaj\u0105. Jako\u015b\u0107 us\u0142ug: stosujemy nowoczesne metody [&hellip;]<\/p>\n","protected":false},"author":1,"featured_media":0,"parent":0,"menu_order":0,"comment_status":"closed","ping_status":"closed","template":"","meta":{"_breakdance_hide_in_design_set":false,"_breakdance_tags":"","footnotes":""},"class_list":["post-1057","page","type-page","status-publish","hentry"],"yoast_head":"<!-- This site is optimized with the Yoast SEO plugin v27.5 - https:\/\/yoast.com\/product\/yoast-seo-wordpress\/ -->\n<title>Polityka jako\u015bci - EDUMEDIT<\/title>\n<meta name=\"robots\" content=\"index, follow, max-snippet:-1, max-image-preview:large, max-video-preview:-1\" \/>\n<link rel=\"canonical\" href=\"https:\/\/edumedit.pl\/en\/polityka-jakosci\/\" \/>\n<meta property=\"og:locale\" content=\"en_US\" \/>\n<meta property=\"og:type\" content=\"article\" \/>\n<meta property=\"og:title\" content=\"Polityka jako\u015bci - EDUMEDIT\" \/>\n<meta property=\"og:description\" content=\"Polityka jako\u015bci Polityka Jako\u015bci i Misja EDUMEDIT Misja:Nasz\u0105 misj\u0105 jest dostarczanie us\u0142ug szkoleniowych najwy\u017cszej jako\u015bci, wspieraj\u0105cych rozw\u00f3j kompetencji i umiej\u0119tno\u015bci naszych klient\u00f3w oraz przyczyniaj\u0105cych si\u0119 do ich sukces\u00f3w zawodowych i osobistych. Zasady i zobowi\u0105zania EDUMEDIT: Orientacja na klienta: rozumiemy potrzeby uczestnik\u00f3w szkole\u0144 i dostarczamy rozwi\u0105zania, kt\u00f3re w pe\u0142ni je spe\u0142niaj\u0105. Jako\u015b\u0107 us\u0142ug: stosujemy nowoczesne metody [&hellip;]\" \/>\n<meta property=\"og:url\" content=\"https:\/\/edumedit.pl\/en\/polityka-jakosci\/\" \/>\n<meta property=\"og:site_name\" content=\"EDUMEDIT\" \/>\n<meta property=\"article:modified_time\" content=\"2026-04-17T09:11:24+00:00\" \/>\n<meta name=\"twitter:card\" content=\"summary_large_image\" \/>\n<script type=\"application\/ld+json\" class=\"yoast-schema-graph\">{\"@context\":\"https:\\\/\\\/schema.org\",\"@graph\":[{\"@type\":\"WebPage\",\"@id\":\"https:\\\/\\\/edumedit.pl\\\/en\\\/polityka-jakosci\\\/\",\"url\":\"https:\\\/\\\/edumedit.pl\\\/en\\\/polityka-jakosci\\\/\",\"name\":\"Polityka jako\u015bci - EDUMEDIT\",\"isPartOf\":{\"@id\":\"https:\\\/\\\/edumedit.pl\\\/#website\"},\"datePublished\":\"2026-01-17T16:30:22+00:00\",\"dateModified\":\"2026-04-17T09:11:24+00:00\",\"breadcrumb\":{\"@id\":\"https:\\\/\\\/edumedit.pl\\\/en\\\/polityka-jakosci\\\/#breadcrumb\"},\"inLanguage\":\"en-US\",\"potentialAction\":[{\"@type\":\"ReadAction\",\"target\":[\"https:\\\/\\\/edumedit.pl\\\/en\\\/polityka-jakosci\\\/\"]}]},{\"@type\":\"BreadcrumbList\",\"@id\":\"https:\\\/\\\/edumedit.pl\\\/en\\\/polityka-jakosci\\\/#breadcrumb\",\"itemListElement\":[{\"@type\":\"ListItem\",\"position\":1,\"name\":\"Strona g\u0142\u00f3wna\",\"item\":\"https:\\\/\\\/edumedit.pl\\\/en\\\/\"},{\"@type\":\"ListItem\",\"position\":2,\"name\":\"Polityka jako\u015bci\"}]},{\"@type\":\"WebSite\",\"@id\":\"https:\\\/\\\/edumedit.pl\\\/#website\",\"url\":\"https:\\\/\\\/edumedit.pl\\\/\",\"name\":\"EDUMEDIT\",\"description\":\"\",\"potentialAction\":[{\"@type\":\"SearchAction\",\"target\":{\"@type\":\"EntryPoint\",\"urlTemplate\":\"https:\\\/\\\/edumedit.pl\\\/?s={search_term_string}\"},\"query-input\":{\"@type\":\"PropertyValueSpecification\",\"valueRequired\":true,\"valueName\":\"search_term_string\"}}],\"inLanguage\":\"en-US\"}]}<\/script>\n<!-- \/ Yoast SEO plugin. -->","yoast_head_json":{"title":"Polityka jako\u015bci - EDUMEDIT","robots":{"index":"index","follow":"follow","max-snippet":"max-snippet:-1","max-image-preview":"max-image-preview:large","max-video-preview":"max-video-preview:-1"},"canonical":"https:\/\/edumedit.pl\/en\/polityka-jakosci\/","og_locale":"en_US","og_type":"article","og_title":"Polityka jako\u015bci - EDUMEDIT","og_description":"Polityka jako\u015bci Polityka Jako\u015bci i Misja EDUMEDIT Misja:Nasz\u0105 misj\u0105 jest dostarczanie us\u0142ug szkoleniowych najwy\u017cszej jako\u015bci, wspieraj\u0105cych rozw\u00f3j kompetencji i umiej\u0119tno\u015bci naszych klient\u00f3w oraz przyczyniaj\u0105cych si\u0119 do ich sukces\u00f3w zawodowych i osobistych. Zasady i zobowi\u0105zania EDUMEDIT: Orientacja na klienta: rozumiemy potrzeby uczestnik\u00f3w szkole\u0144 i dostarczamy rozwi\u0105zania, kt\u00f3re w pe\u0142ni je spe\u0142niaj\u0105. Jako\u015b\u0107 us\u0142ug: stosujemy nowoczesne metody [&hellip;]","og_url":"https:\/\/edumedit.pl\/en\/polityka-jakosci\/","og_site_name":"EDUMEDIT","article_modified_time":"2026-04-17T09:11:24+00:00","twitter_card":"summary_large_image","schema":{"@context":"https:\/\/schema.org","@graph":[{"@type":"WebPage","@id":"https:\/\/edumedit.pl\/en\/polityka-jakosci\/","url":"https:\/\/edumedit.pl\/en\/polityka-jakosci\/","name":"Polityka jako\u015bci - EDUMEDIT","isPartOf":{"@id":"https:\/\/edumedit.pl\/#website"},"datePublished":"2026-01-17T16:30:22+00:00","dateModified":"2026-04-17T09:11:24+00:00","breadcrumb":{"@id":"https:\/\/edumedit.pl\/en\/polityka-jakosci\/#breadcrumb"},"inLanguage":"en-US","potentialAction":[{"@type":"ReadAction","target":["https:\/\/edumedit.pl\/en\/polityka-jakosci\/"]}]},{"@type":"BreadcrumbList","@id":"https:\/\/edumedit.pl\/en\/polityka-jakosci\/#breadcrumb","itemListElement":[{"@type":"ListItem","position":1,"name":"Strona g\u0142\u00f3wna","item":"https:\/\/edumedit.pl\/en\/"},{"@type":"ListItem","position":2,"name":"Polityka jako\u015bci"}]},{"@type":"WebSite","@id":"https:\/\/edumedit.pl\/#website","url":"https:\/\/edumedit.pl\/","name":"EDUMEDIT","description":"","potentialAction":[{"@type":"SearchAction","target":{"@type":"EntryPoint","urlTemplate":"https:\/\/edumedit.pl\/?s={search_term_string}"},"query-input":{"@type":"PropertyValueSpecification","valueRequired":true,"valueName":"search_term_string"}}],"inLanguage":"en-US"}]}},"meta_box":[],"_links":{"self":[{"href":"https:\/\/edumedit.pl\/en\/wp-json\/wp\/v2\/pages\/1057","targetHints":{"allow":["GET"]}}],"collection":[{"href":"https:\/\/edumedit.pl\/en\/wp-json\/wp\/v2\/pages"}],"about":[{"href":"https:\/\/edumedit.pl\/en\/wp-json\/wp\/v2\/types\/page"}],"author":[{"embeddable":true,"href":"https:\/\/edumedit.pl\/en\/wp-json\/wp\/v2\/users\/1"}],"replies":[{"embeddable":true,"href":"https:\/\/edumedit.pl\/en\/wp-json\/wp\/v2\/comments?post=1057"}],"version-history":[{"count":2,"href":"https:\/\/edumedit.pl\/en\/wp-json\/wp\/v2\/pages\/1057\/revisions"}],"predecessor-version":[{"id":1096,"href":"https:\/\/edumedit.pl\/en\/wp-json\/wp\/v2\/pages\/1057\/revisions\/1096"}],"wp:attachment":[{"href":"https:\/\/edumedit.pl\/en\/wp-json\/wp\/v2\/media?parent=1057"}],"curies":[{"name":"wp","href":"https:\/\/api.w.org\/{rel}","templated":true}]}}