{"id":1060,"date":"2025-11-28T14:02:24","date_gmt":"2025-11-28T13:02:24","guid":{"rendered":"https:\/\/edumedit.pl\/kontakt\/"},"modified":"2026-04-17T11:10:17","modified_gmt":"2026-04-17T09:10:17","slug":"kontakt","status":"publish","type":"page","link":"https:\/\/edumedit.pl\/en\/kontakt\/","title":{"rendered":"Kontakt"},"content":{"rendered":"<div class='breakdance'><section class=\"bde-section-1060-100 bde-section\">\n  \n  \n\t\n\n\n\n<div class=\"section-container\"><h1 class=\"bde-heading-1060-102 bde-heading\">\nKontakt\n<\/h1><\/div>\n<\/section><section class=\"bde-section-1060-103 bde-section\">\n  \n  \n\t\n\n\n\n<div class=\"section-container\"><div class=\"bde-columns-1060-104 bde-columns\"><div class=\"bde-column-1060-105 bde-column\">\n  \n  \n\t\n\n\n\n<h2 class=\"bde-heading-1060-154 bde-heading\">\nSkontaktuj si\u0119 z nami\n<\/h2><div class=\"bde-text-1060-141 bde-text\">\nChcesz dowiedzie\u0107 si\u0119 wi\u0119cej o naszej ofercie?\n<\/div><div class=\"bde-text-1060-142 bde-text\">\nSkontaktuj si\u0119 z nami \u2013 doradzimy Ci  najlepsze rozwi\u0105zanie szkoleniowe.\n<\/div><div class=\"bde-div-1060-110 bde-div\">\n  \n  \n\t\n\n\n\n<div class=\"bde-icon-1060-111 bde-icon\">\n\n    \n            <div class=\"bde-icon-icon breakdance-icon-atom\" >\n    \n                    <svg version=\"1.1\" id=\"Capa_1\" xmlns=\"http:\/\/www.w3.org\/2000\/svg\" xmlns:xlink=\"http:\/\/www.w3.org\/1999\/xlink\" x=\"0px\" y=\"0px\" viewBox=\"0 0 512 512\" style=\"enable-background:new 0 0 512 512;\" xml:space=\"preserve\">\r\n<g>\r\n\t<g>\r\n\t\t<path d=\"M256,0C156.748,0,76,80.748,76,180c0,33.534,9.289,66.26,26.869,94.652l142.885,230.257    c2.737,4.411,7.559,7.091,12.745,7.091c0.04,0,0.079,0,0.119,0c5.231-0.041,10.063-2.804,12.75-7.292L410.611,272.22    C427.221,244.428,436,212.539,436,180C436,80.748,355.252,0,256,0z M384.866,256.818L258.272,468.186l-129.905-209.34    C113.734,235.214,105.8,207.95,105.8,180c0-82.71,67.49-150.2,150.2-150.2S406.1,97.29,406.1,180    C406.1,207.121,398.689,233.688,384.866,256.818z\"\/>\r\n\t<\/g>\r\n<\/g>\r\n<g>\r\n\t<g>\r\n\t\t<path d=\"M256,90c-49.626,0-90,40.374-90,90c0,49.309,39.717,90,90,90c50.903,0,90-41.233,90-90C346,130.374,305.626,90,256,90z     M256,240.2c-33.257,0-60.2-27.033-60.2-60.2c0-33.084,27.116-60.2,60.2-60.2s60.1,27.116,60.1,60.2    C316.1,212.683,289.784,240.2,256,240.2z\"\/>\r\n\t<\/g>\r\n<\/g>\r\n<g>\r\n<\/g>\r\n<g>\r\n<\/g>\r\n<g>\r\n<\/g>\r\n<g>\r\n<\/g>\r\n<g>\r\n<\/g>\r\n<g>\r\n<\/g>\r\n<g>\r\n<\/g>\r\n<g>\r\n<\/g>\r\n<g>\r\n<\/g>\r\n<g>\r\n<\/g>\r\n<g>\r\n<\/g>\r\n<g>\r\n<\/g>\r\n<g>\r\n<\/g>\r\n<g>\r\n<\/g>\r\n<g>\r\n<\/g>\r\n<\/svg>\n        \n        \n        \n            <\/div>\n    \n\n\n<\/div><a class=\"bde-text-link-1060-112 bde-text-link breakdance-link\" href=\"https:\/\/maps.app.goo.gl\/J9J9vgavgNQetnR39\" target=\"_blank\" data-type=\"url\">\n  EDUMEDIT Sp. z o.o.<br>ul. Nakielska 46A\/22<br>85 - 219 Bydgoszcz\n\n<\/a>\n<\/div><div class=\"bde-div-1060-119 bde-div\">\n  \n  \n\t\n\n\n\n<div class=\"bde-icon-1060-120 bde-icon\">\n\n    \n            <div class=\"bde-icon-icon breakdance-icon-atom\" >\n    \n                    <svg version=\"1.1\" id=\"Capa_1\" xmlns=\"http:\/\/www.w3.org\/2000\/svg\" xmlns:xlink=\"http:\/\/www.w3.org\/1999\/xlink\" x=\"0px\" y=\"0px\" viewBox=\"0 0 512 512\" style=\"enable-background:new 0 0 512 512;\" xml:space=\"preserve\">\r\n<g>\r\n\t<g>\r\n\t\t<path d=\"M467,76H45C20.238,76,0,96.149,0,121v270c0,24.86,20.251,45,45,45h422c24.762,0,45-20.149,45-45V121    C512,96.143,491.752,76,467,76z M460.09,106c-14.549,14.597-185.445,186.05-192.466,193.094c-5.864,5.882-17.381,5.886-23.248,0    L51.91,106H460.09z M30,385.485v-258.97L159.065,256L30,385.485z M51.91,406l128.334-128.752l42.885,43.025    c17.574,17.631,48.175,17.624,65.743,0l42.885-43.024L460.09,406H51.91z M482,385.485L352.935,256L482,126.515V385.485z\"\/>\r\n\t<\/g>\r\n<\/g>\r\n<g>\r\n<\/g>\r\n<g>\r\n<\/g>\r\n<g>\r\n<\/g>\r\n<g>\r\n<\/g>\r\n<g>\r\n<\/g>\r\n<g>\r\n<\/g>\r\n<g>\r\n<\/g>\r\n<g>\r\n<\/g>\r\n<g>\r\n<\/g>\r\n<g>\r\n<\/g>\r\n<g>\r\n<\/g>\r\n<g>\r\n<\/g>\r\n<g>\r\n<\/g>\r\n<g>\r\n<\/g>\r\n<g>\r\n<\/g>\r\n<\/svg>\n        \n        \n        \n            <\/div>\n    \n\n\n<\/div><a class=\"bde-text-link-1060-121 bde-text-link breakdance-link\" href=\"mailto:biuro@edumedit.pl?subject=&amp;body=\" target=\"_self\" data-type=\"contact\">\n  biuro@edumedit.pl\n\n<\/a>\n<\/div><div class=\"bde-div-1060-116 bde-div\">\n  \n  \n\t\n\n\n\n<div class=\"bde-icon-1060-117 bde-icon\">\n\n    \n            <div class=\"bde-icon-icon breakdance-icon-atom\" >\n    \n                    <svg version=\"1.1\" id=\"Capa_1\" xmlns=\"http:\/\/www.w3.org\/2000\/svg\" xmlns:xlink=\"http:\/\/www.w3.org\/1999\/xlink\" x=\"0px\" y=\"0px\" viewBox=\"0 0 473.806 473.806\" style=\"enable-background:new 0 0 473.806 473.806;\" xml:space=\"preserve\">\r\n<g>\r\n\t<g>\r\n\t\t<path d=\"M374.456,293.506c-9.7-10.1-21.4-15.5-33.8-15.5c-12.3,0-24.1,5.3-34.2,15.4l-31.6,31.5c-2.6-1.4-5.2-2.7-7.7-4    c-3.6-1.8-7-3.5-9.9-5.3c-29.6-18.8-56.5-43.3-82.3-75c-12.5-15.8-20.9-29.1-27-42.6c8.2-7.5,15.8-15.3,23.2-22.8    c2.8-2.8,5.6-5.7,8.4-8.5c21-21,21-48.2,0-69.2l-27.3-27.3c-3.1-3.1-6.3-6.3-9.3-9.5c-6-6.2-12.3-12.6-18.8-18.6    c-9.7-9.6-21.3-14.7-33.5-14.7s-24,5.1-34,14.7c-0.1,0.1-0.1,0.1-0.2,0.2l-34,34.3c-12.8,12.8-20.1,28.4-21.7,46.5    c-2.4,29.2,6.2,56.4,12.8,74.2c16.2,43.7,40.4,84.2,76.5,127.6c43.8,52.3,96.5,93.6,156.7,122.7c23,10.9,53.7,23.8,88,26    c2.1,0.1,4.3,0.2,6.3,0.2c23.1,0,42.5-8.3,57.7-24.8c0.1-0.2,0.3-0.3,0.4-0.5c5.2-6.3,11.2-12,17.5-18.1c4.3-4.1,8.7-8.4,13-12.9    c9.9-10.3,15.1-22.3,15.1-34.6c0-12.4-5.3-24.3-15.4-34.3L374.456,293.506z M410.256,398.806    C410.156,398.806,410.156,398.906,410.256,398.806c-3.9,4.2-7.9,8-12.2,12.2c-6.5,6.2-13.1,12.7-19.3,20    c-10.1,10.8-22,15.9-37.6,15.9c-1.5,0-3.1,0-4.6-0.1c-29.7-1.9-57.3-13.5-78-23.4c-56.6-27.4-106.3-66.3-147.6-115.6    c-34.1-41.1-56.9-79.1-72-119.9c-9.3-24.9-12.7-44.3-11.2-62.6c1-11.7,5.5-21.4,13.8-29.7l34.1-34.1c4.9-4.6,10.1-7.1,15.2-7.1    c6.3,0,11.4,3.8,14.6,7c0.1,0.1,0.2,0.2,0.3,0.3c6.1,5.7,11.9,11.6,18,17.9c3.1,3.2,6.3,6.4,9.5,9.7l27.3,27.3    c10.6,10.6,10.6,20.4,0,31c-2.9,2.9-5.7,5.8-8.6,8.6c-8.4,8.6-16.4,16.6-25.1,24.4c-0.2,0.2-0.4,0.3-0.5,0.5    c-8.6,8.6-7,17-5.2,22.7c0.1,0.3,0.2,0.6,0.3,0.9c7.1,17.2,17.1,33.4,32.3,52.7l0.1,0.1c27.6,34,56.7,60.5,88.8,80.8    c4.1,2.6,8.3,4.7,12.3,6.7c3.6,1.8,7,3.5,9.9,5.3c0.4,0.2,0.8,0.5,1.2,0.7c3.4,1.7,6.6,2.5,9.9,2.5c8.3,0,13.5-5.2,15.2-6.9    l34.2-34.2c3.4-3.4,8.8-7.5,15.1-7.5c6.2,0,11.3,3.9,14.4,7.3c0.1,0.1,0.1,0.1,0.2,0.2l55.1,55.1    C420.456,377.706,420.456,388.206,410.256,398.806z\"\/>\r\n\t\t<path d=\"M256.056,112.706c26.2,4.4,50,16.8,69,35.8s31.3,42.8,35.8,69c1.1,6.6,6.8,11.2,13.3,11.2c0.8,0,1.5-0.1,2.3-0.2    c7.4-1.2,12.3-8.2,11.1-15.6c-5.4-31.7-20.4-60.6-43.3-83.5s-51.8-37.9-83.5-43.3c-7.4-1.2-14.3,3.7-15.6,11    S248.656,111.506,256.056,112.706z\"\/>\r\n\t\t<path d=\"M473.256,209.006c-8.9-52.2-33.5-99.7-71.3-137.5s-85.3-62.4-137.5-71.3c-7.3-1.3-14.2,3.7-15.5,11    c-1.2,7.4,3.7,14.3,11.1,15.6c46.6,7.9,89.1,30,122.9,63.7c33.8,33.8,55.8,76.3,63.7,122.9c1.1,6.6,6.8,11.2,13.3,11.2    c0.8,0,1.5-0.1,2.3-0.2C469.556,223.306,474.556,216.306,473.256,209.006z\"\/>\r\n\t<\/g>\r\n<\/g>\r\n<g>\r\n<\/g>\r\n<g>\r\n<\/g>\r\n<g>\r\n<\/g>\r\n<g>\r\n<\/g>\r\n<g>\r\n<\/g>\r\n<g>\r\n<\/g>\r\n<g>\r\n<\/g>\r\n<g>\r\n<\/g>\r\n<g>\r\n<\/g>\r\n<g>\r\n<\/g>\r\n<g>\r\n<\/g>\r\n<g>\r\n<\/g>\r\n<g>\r\n<\/g>\r\n<g>\r\n<\/g>\r\n<g>\r\n<\/g>\r\n<\/svg>\n        \n        \n        \n            <\/div>\n    \n\n\n<\/div><a class=\"bde-text-link-1060-118 bde-text-link breakdance-link\" href=\"tel:+48\u00a0788\u00a0123 124\" target=\"_self\" data-type=\"contact\">\n  +48\u00a0788\u00a0123 124\n\n<\/a>\n<\/div><div class=\"bde-text-1060-151 bde-text\">\n<span style=\"font-weight: 500;\">Godziny pracy:<\/span> pon.\u2013pt. 8:00\u201316:00<br>\n<\/div><div class=\"bde-text-1060-152 bde-text\">\n Lub wype\u0142nij formularz kontaktowy \u2013 odpowiemy w ci\u0105gu 24 godzin.\n<\/div>\n<\/div><div class=\"bde-column-1060-128 bde-column\" data-entrance=\"fade\">\n  \n  \n\t\n\n\n\n<div class=\"bde-div-1060-144 bde-div\">\n  \n  \n\t\n\n\n\n<div class=\"bde-form-builder-1060-129 bde-form-builder\">\n\n<form id=\"formularz-kontaktowy129\" class=\"breakdance-form breakdance-form--vertical\" data-options=\"{&quot;slug&quot;:&quot;custom&quot;,&quot;name&quot;:&quot;Formularz kontaktowy&quot;,&quot;ajaxUrl&quot;:&quot;https:\\\/\\\/edumedit.pl\\\/wp-admin\\\/admin-ajax.php&quot;,&quot;clearOnSuccess&quot;:true,&quot;hideOnSuccess&quot;:false,&quot;successMessage&quot;:&quot;Dzi\\u0119kujemy, Twoja wiadomo\\u015b\\u0107 zosta\\u0142a wys\\u0142ana.&quot;,&quot;errorMessage&quot;:&quot;Co\\u015b posz\\u0142o nie tak. Upewnij si\\u0119 czy poprawnie wype\\u0142niono wszystkie pola.&quot;,&quot;redirect&quot;:false,&quot;redirectUrl&quot;:&quot;&quot;,&quot;customJavaScript&quot;:&quot;&quot;,&quot;recaptcha&quot;:{&quot;key&quot;:&quot;&quot;,&quot;enabled&quot;:false},&quot;honeypot_enabled&quot;:false,&quot;popupsOnSuccess&quot;:[],&quot;popupsOnError&quot;:[]}\" data-steps=\"0\" >\n  \n  \n  \n<div class=\"breakdance-form-field breakdance-form-field--text\" >\n    \n    \n            <label class=\"breakdance-form-field__label\" for=\"name\">\n            Imi\u0119 i nazwisko<span class=\"breakdance-form-field__required\">*<\/span>\n        <\/label>\n    \n    <input\n    class=\"breakdance-form-field__input\"\n    id=\"name\"\n    aria-describedby=\"name\"\n    type=\"text\"\n    name=\"fields[name]\"\n    placeholder=\"\"\n    value=\"\"\n                \n        \n        \n    required\n    \n    \n    \n    \n    \n>\n\n\n    \n    \n<\/div>\n\n\n<div class=\"breakdance-form-field breakdance-form-field--text\" >\n    \n    \n            <label class=\"breakdance-form-field__label\" for=\"firma\">\n            Nazwa firmy\n        <\/label>\n    \n    <input\n    class=\"breakdance-form-field__input\"\n    id=\"firma\"\n    aria-describedby=\"firma\"\n    type=\"text\"\n    name=\"fields[firma]\"\n    placeholder=\"\"\n    value=\"\"\n                \n        \n        \n    \n    \n    \n    \n    \n    \n>\n\n\n    \n    \n<\/div>\n\n\n<div class=\"breakdance-form-field breakdance-form-field--tel\" >\n    \n    \n            <label class=\"breakdance-form-field__label\" for=\"kgimyx\">\n            Telefon<span class=\"breakdance-form-field__required\">*<\/span>\n        <\/label>\n    \n    <input\n    class=\"breakdance-form-field__input\"\n    id=\"kgimyx\"\n    aria-describedby=\"kgimyx\"\n    type=\"tel\"\n    name=\"fields[kgimyx]\"\n    placeholder=\"\"\n    value=\"\"\n                \n        \n        \n    required\n    \n    \n    \n    \n    \n>\n\n\n    \n    \n<\/div>\n\n\n<div class=\"breakdance-form-field breakdance-form-field--email\" >\n    \n    \n            <label class=\"breakdance-form-field__label\" for=\"email\">\n            Email<span class=\"breakdance-form-field__required\">*<\/span>\n        <\/label>\n    \n    <input\n    class=\"breakdance-form-field__input\"\n    id=\"email\"\n    aria-describedby=\"email\"\n    type=\"email\"\n    name=\"fields[email]\"\n    placeholder=\"\"\n    value=\"\"\n                \n        \n        \n    required\n    \n    \n    \n    \n    \n>\n\n\n    \n    \n<\/div>\n\n\n<div class=\"breakdance-form-field breakdance-form-field--text\" >\n    \n    \n            <label class=\"breakdance-form-field__label\" for=\"tytul\">\n            Temat<span class=\"breakdance-form-field__required\">*<\/span>\n        <\/label>\n    \n    <input\n    class=\"breakdance-form-field__input\"\n    id=\"tytul\"\n    aria-describedby=\"tytul\"\n    type=\"text\"\n    name=\"fields[tytul]\"\n    placeholder=\"\"\n    value=\"\"\n                \n        \n        \n    required\n    \n    \n    \n    \n    \n>\n\n\n    \n    \n<\/div>\n\n\n<div class=\"breakdance-form-field breakdance-form-field--textarea\" >\n    \n    \n            <label class=\"breakdance-form-field__label\" for=\"message\">\n            Wiadomo\u015b\u0107<span class=\"breakdance-form-field__required\">*<\/span>\n        <\/label>\n    \n    <textarea\n    class=\"breakdance-form-field__input\"\n    id=\"message\"\n    aria-describedby=\"message\"\n    type=\"textarea\"\n    name=\"fields[message]\"\n        rows=\"1\"\n        placeholder=\"\"\n    required\n    \n    \n    >\n<\/textarea>\n\n\n    \n    \n<\/div>\n\n\n<div class=\"breakdance-form-field breakdance-form-field--checkbox\" >\n    \n    \n    \n    <fieldset role=\"group\"\n    aria-label=\"Zgoda na przetwarzanie danych osobowych\"\n    >\n       <legend class=\"breakdance-form-field__label\">Zgoda na przetwarzanie danych osobowych<span class=\"breakdance-form-field__required\">*<\/span><\/legend>\n          <div class=\"breakdance-form-checkbox\">\n          <input\n              type=\"checkbox\"\n              name=\"fields[asfgis]\"\n              value=\"Wyra\u017cam zgod\u0119 na przetwarzanie moich danych osobowych w celu kontaktu w zwi\u0105zku ze z\u0142o\u017conym zapytaniem lub zg\u0142oszeniem przes\u0142anym przez formularz kontaktowy. Zgoda na przetwarzanie danych osobowych jest dobrowolna lecz niezb\u0119dna do uzyskania odpowiedzi. Niniejsza zgoda mo\u017ce zosta\u0107 odwo\u0142ana w ka\u017cdym momencie, bez wp\u0142ywu na zgodno\u015b\u0107 przetwarzania z prawem przed jej odwo\u0142aniem. Administratorem danych osobowych jest EDUMEDIT Sp. z o.o. ul. Nakielska 46A\/22 85 - 219 Bydgoszcz.\"\n              id=\"asfgis-1\"\n              \n              \n                        >\n          <label class=\"breakdance-form-checkbox__text\" for=\"asfgis-1\">Wyra\u017cam zgod\u0119 na przetwarzanie moich danych osobowych w celu kontaktu w zwi\u0105zku ze z\u0142o\u017conym zapytaniem lub zg\u0142oszeniem przes\u0142anym przez formularz kontaktowy. Zgoda na przetwarzanie danych osobowych jest dobrowolna lecz niezb\u0119dna do uzyskania odpowiedzi. Niniejsza zgoda mo\u017ce zosta\u0107 odwo\u0142ana w ka\u017cdym momencie, bez wp\u0142ywu na zgodno\u015b\u0107 przetwarzania z prawem przed jej odwo\u0142aniem. Administratorem danych osobowych jest EDUMEDIT Sp. z o.o. ul. Nakielska 46A\/22 85 - 219 Bydgoszcz.<\/label>\n      <\/div>\n  <\/fieldset>\n\n\n\n    \n    \n<\/div><div class=\"breakdance-form-field breakdance-form-footer\">    \n    \n    \n    \n    \n            \n            <button type=\"submit\" class=\"button-atom button-atom--primary breakdance-form-button breakdance-form-button__submit\"  >\n    \n        <span class=\"button-atom__text\">Wy\u015blij<\/span>\n\n        \n        \n            <\/button>\n    \n    <input type=\"hidden\" name=\"form_id\" value=\"129\">\n    <input type=\"hidden\" name=\"post_id\" value=\"1060\">\n<\/div>\n\n  \n<\/form>\n\n\n<\/div><div class=\"bde-code-block-1060-130 bde-code-block\">\n\n\n\n<\/div>\n<\/div>\n<\/div><\/div><\/div>\n<\/section><section class=\"bde-section-1060-147 bde-section\">\n  \n  \n\t\n\n\n\n<div class=\"section-container\"><div class=\"bde-columns-1060-148 bde-columns\"><div class=\"bde-column-1060-150 bde-column\">\n  \n  \n\t\n\n\n\n<h2 class=\"bde-heading-1060-153 bde-heading\">\nDane formalne\n<\/h2><div class=\"bde-rich-text-1060-139 bde-rich-text breakdance-rich-text-styles\">\n<p class=\"p1\">Edumedit jest wpisana do Rejestru Instytucji Szkoleniowych pod numerem: <b>2.04\/00079\/2025.<\/b><\/p>\n<\/div><div class=\"bde-rich-text-1060-140 bde-rich-text breakdance-rich-text-styles\">\n<p class=\"p1\">Firma spe\u0142nia wymogi Standardu Us\u0142ug Szkoleniowo-Rozwojowych Polskiej Izby Firm Szkoleniowych SUS 3.0, co potwierdza certyfikat firmy DEKRA, nr certyfikatu: <b>DEKRA\/SUS\/001285.<\/b><\/p>\n<\/div><div class=\"bde-div-1060-122 bde-div\">\n  \n  \n\t\n\n\n\n<div class=\"bde-text-1060-123 bde-text\">\nNIP:\n<\/div><div class=\"bde-text-1060-124 bde-text\">\n9671485176\n<\/div>\n<\/div><div class=\"bde-div-1060-125 bde-div\">\n  \n  \n\t\n\n\n\n<div class=\"bde-text-1060-126 bde-text\">\nREGON:\n<\/div><div class=\"bde-text-1060-127 bde-text\">\n541053575\n<\/div>\n<\/div><div class=\"bde-div-1060-133 bde-div\">\n  \n  \n\t\n\n\n\n<div class=\"bde-text-1060-134 bde-text\">\nKRS:\n<\/div><div class=\"bde-text-1060-135 bde-text\">\n0001159134\n<\/div>\n<\/div><div class=\"bde-div-1060-136 bde-div\">\n  \n  \n\t\n\n\n\n<div class=\"bde-text-1060-137 bde-text\">\nBDO:\n<\/div><div class=\"bde-text-1060-138 bde-text\">\n000663263\n<\/div>\n<\/div>\n<\/div><div class=\"bde-column-1060-149 bde-column\">\n  \n  \n\t\n\n\n\n<div class=\"bde-div-1060-155 bde-div\">\n  \n  \n\t\n\n\n\n<div class=\"bde-google-map-1060-132 bde-google-map\">\r\n<iframe width=\"100%\" height=\"100%\" style=\"border:0\" loading=\"lazy\" title=\"Map\" src=\"https:\/\/maps.google.com\/maps?q=EDUMEDIT+Sp.+z+o.o.%3Cbr%3Eul.+Nakielska+46A%2F22%3Cbr%3E85+-+219+Bydgoszcz&t=m&z=14&output=embed&iwloc=near\" allowfullscreen><\/iframe>\n<\/div>\n<\/div>\n<\/div><\/div><\/div>\n<\/section><\/div>","protected":false},"excerpt":{"rendered":"<p>Kontakt Skontaktuj si\u0119 z nami Chcesz dowiedzie\u0107 si\u0119 wi\u0119cej o naszej ofercie? Skontaktuj si\u0119 z nami \u2013 doradzimy Ci najlepsze rozwi\u0105zanie szkoleniowe. EDUMEDIT Sp. z o.o.ul. Nakielska 46A\/2285 &#8211; 219 Bydgoszcz biuro@edumedit.pl +48\u00a0788\u00a0123 124 Godziny pracy: pon.\u2013pt. 8:00\u201316:00 Lub wype\u0142nij formularz kontaktowy \u2013 odpowiemy w ci\u0105gu 24 godzin. Imi\u0119 i nazwisko* Nazwa firmy Telefon* Email* [&hellip;]<\/p>\n","protected":false},"author":1,"featured_media":0,"parent":0,"menu_order":0,"comment_status":"closed","ping_status":"closed","template":"","meta":{"_breakdance_hide_in_design_set":false,"_breakdance_tags":"","footnotes":""},"class_list":["post-1060","page","type-page","status-publish","hentry"],"yoast_head":"<!-- This site is optimized with the Yoast SEO plugin v27.5 - https:\/\/yoast.com\/product\/yoast-seo-wordpress\/ -->\n<title>Kontakt - EDUMEDIT<\/title>\n<meta name=\"robots\" content=\"index, follow, max-snippet:-1, max-image-preview:large, max-video-preview:-1\" \/>\n<link rel=\"canonical\" href=\"https:\/\/edumedit.pl\/kontakt\/\" \/>\n<meta property=\"og:locale\" content=\"en_US\" \/>\n<meta property=\"og:type\" content=\"article\" \/>\n<meta property=\"og:title\" content=\"Kontakt - EDUMEDIT\" \/>\n<meta property=\"og:description\" content=\"Kontakt Skontaktuj si\u0119 z nami Chcesz dowiedzie\u0107 si\u0119 wi\u0119cej o naszej ofercie? Skontaktuj si\u0119 z nami \u2013 doradzimy Ci najlepsze rozwi\u0105zanie szkoleniowe. EDUMEDIT Sp. z o.o.ul. Nakielska 46A\/2285 - 219 Bydgoszcz biuro@edumedit.pl +48\u00a0788\u00a0123 124 Godziny pracy: pon.\u2013pt. 8:00\u201316:00 Lub wype\u0142nij formularz kontaktowy \u2013 odpowiemy w ci\u0105gu 24 godzin. Imi\u0119 i nazwisko* Nazwa firmy Telefon* Email* [&hellip;]\" \/>\n<meta property=\"og:url\" content=\"https:\/\/edumedit.pl\/kontakt\/\" \/>\n<meta property=\"og:site_name\" content=\"EDUMEDIT\" \/>\n<meta property=\"article:modified_time\" content=\"2026-04-17T09:10:17+00:00\" \/>\n<meta name=\"twitter:card\" content=\"summary_large_image\" \/>\n<script type=\"application\/ld+json\" class=\"yoast-schema-graph\">{\"@context\":\"https:\\\/\\\/schema.org\",\"@graph\":[{\"@type\":\"WebPage\",\"@id\":\"https:\\\/\\\/edumedit.pl\\\/kontakt\\\/\",\"url\":\"https:\\\/\\\/edumedit.pl\\\/kontakt\\\/\",\"name\":\"Kontakt - EDUMEDIT\",\"isPartOf\":{\"@id\":\"https:\\\/\\\/edumedit.pl\\\/#website\"},\"datePublished\":\"2025-11-28T13:02:24+00:00\",\"dateModified\":\"2026-04-17T09:10:17+00:00\",\"breadcrumb\":{\"@id\":\"https:\\\/\\\/edumedit.pl\\\/kontakt\\\/#breadcrumb\"},\"inLanguage\":\"en-US\",\"potentialAction\":[{\"@type\":\"ReadAction\",\"target\":[\"https:\\\/\\\/edumedit.pl\\\/kontakt\\\/\"]}]},{\"@type\":\"BreadcrumbList\",\"@id\":\"https:\\\/\\\/edumedit.pl\\\/kontakt\\\/#breadcrumb\",\"itemListElement\":[{\"@type\":\"ListItem\",\"position\":1,\"name\":\"Strona g\u0142\u00f3wna\",\"item\":\"https:\\\/\\\/edumedit.pl\\\/en\\\/\"},{\"@type\":\"ListItem\",\"position\":2,\"name\":\"Kontakt\"}]},{\"@type\":\"WebSite\",\"@id\":\"https:\\\/\\\/edumedit.pl\\\/#website\",\"url\":\"https:\\\/\\\/edumedit.pl\\\/\",\"name\":\"EDUMEDIT\",\"description\":\"\",\"potentialAction\":[{\"@type\":\"SearchAction\",\"target\":{\"@type\":\"EntryPoint\",\"urlTemplate\":\"https:\\\/\\\/edumedit.pl\\\/?s={search_term_string}\"},\"query-input\":{\"@type\":\"PropertyValueSpecification\",\"valueRequired\":true,\"valueName\":\"search_term_string\"}}],\"inLanguage\":\"en-US\"}]}<\/script>\n<!-- \/ Yoast SEO plugin. -->","yoast_head_json":{"title":"Kontakt - EDUMEDIT","robots":{"index":"index","follow":"follow","max-snippet":"max-snippet:-1","max-image-preview":"max-image-preview:large","max-video-preview":"max-video-preview:-1"},"canonical":"https:\/\/edumedit.pl\/kontakt\/","og_locale":"en_US","og_type":"article","og_title":"Kontakt - EDUMEDIT","og_description":"Kontakt Skontaktuj si\u0119 z nami Chcesz dowiedzie\u0107 si\u0119 wi\u0119cej o naszej ofercie? Skontaktuj si\u0119 z nami \u2013 doradzimy Ci najlepsze rozwi\u0105zanie szkoleniowe. EDUMEDIT Sp. z o.o.ul. Nakielska 46A\/2285 - 219 Bydgoszcz biuro@edumedit.pl +48\u00a0788\u00a0123 124 Godziny pracy: pon.\u2013pt. 8:00\u201316:00 Lub wype\u0142nij formularz kontaktowy \u2013 odpowiemy w ci\u0105gu 24 godzin. Imi\u0119 i nazwisko* Nazwa firmy Telefon* Email* [&hellip;]","og_url":"https:\/\/edumedit.pl\/kontakt\/","og_site_name":"EDUMEDIT","article_modified_time":"2026-04-17T09:10:17+00:00","twitter_card":"summary_large_image","schema":{"@context":"https:\/\/schema.org","@graph":[{"@type":"WebPage","@id":"https:\/\/edumedit.pl\/kontakt\/","url":"https:\/\/edumedit.pl\/kontakt\/","name":"Kontakt - EDUMEDIT","isPartOf":{"@id":"https:\/\/edumedit.pl\/#website"},"datePublished":"2025-11-28T13:02:24+00:00","dateModified":"2026-04-17T09:10:17+00:00","breadcrumb":{"@id":"https:\/\/edumedit.pl\/kontakt\/#breadcrumb"},"inLanguage":"en-US","potentialAction":[{"@type":"ReadAction","target":["https:\/\/edumedit.pl\/kontakt\/"]}]},{"@type":"BreadcrumbList","@id":"https:\/\/edumedit.pl\/kontakt\/#breadcrumb","itemListElement":[{"@type":"ListItem","position":1,"name":"Strona g\u0142\u00f3wna","item":"https:\/\/edumedit.pl\/en\/"},{"@type":"ListItem","position":2,"name":"Kontakt"}]},{"@type":"WebSite","@id":"https:\/\/edumedit.pl\/#website","url":"https:\/\/edumedit.pl\/","name":"EDUMEDIT","description":"","potentialAction":[{"@type":"SearchAction","target":{"@type":"EntryPoint","urlTemplate":"https:\/\/edumedit.pl\/?s={search_term_string}"},"query-input":{"@type":"PropertyValueSpecification","valueRequired":true,"valueName":"search_term_string"}}],"inLanguage":"en-US"}]}},"meta_box":[],"_links":{"self":[{"href":"https:\/\/edumedit.pl\/en\/wp-json\/wp\/v2\/pages\/1060","targetHints":{"allow":["GET"]}}],"collection":[{"href":"https:\/\/edumedit.pl\/en\/wp-json\/wp\/v2\/pages"}],"about":[{"href":"https:\/\/edumedit.pl\/en\/wp-json\/wp\/v2\/types\/page"}],"author":[{"embeddable":true,"href":"https:\/\/edumedit.pl\/en\/wp-json\/wp\/v2\/users\/1"}],"replies":[{"embeddable":true,"href":"https:\/\/edumedit.pl\/en\/wp-json\/wp\/v2\/comments?post=1060"}],"version-history":[{"count":1,"href":"https:\/\/edumedit.pl\/en\/wp-json\/wp\/v2\/pages\/1060\/revisions"}],"predecessor-version":[{"id":1087,"href":"https:\/\/edumedit.pl\/en\/wp-json\/wp\/v2\/pages\/1060\/revisions\/1087"}],"wp:attachment":[{"href":"https:\/\/edumedit.pl\/en\/wp-json\/wp\/v2\/media?parent=1060"}],"curies":[{"name":"wp","href":"https:\/\/api.w.org\/{rel}","templated":true}]}}