{"id":1063,"date":"2025-11-28T14:36:47","date_gmt":"2025-11-28T13:36:47","guid":{"rendered":"https:\/\/edumedit.pl\/jak-to-dziala\/"},"modified":"2026-04-17T11:10:07","modified_gmt":"2026-04-17T09:10:07","slug":"jak-to-dziala","status":"publish","type":"page","link":"https:\/\/edumedit.pl\/en\/jak-to-dziala\/","title":{"rendered":"Jak to dzia\u0142a"},"content":{"rendered":"<div class='breakdance'><section class=\"bde-section-1063-100 bde-section\">\n  \n  \n\t\n\n\n\n<div class=\"section-container\"><h1 class=\"bde-heading-1063-101 bde-heading\">\nJak to dzia\u0142a\n<\/h1><\/div>\n<\/section><section class=\"bde-section-1063-112 bde-section\">\n  \n  \n\t\n\n\n\n<div class=\"section-container\"><div class=\"bde-columns-1063-116 bde-columns\"><div class=\"bde-column-1063-117 bde-column\">\n  \n  \n\t\n\n\n\n<div class=\"bde-text-1063-118 bde-text\">\nKrok 1.\n<\/div><div class=\"bde-text-1063-152 bde-text\">\nWybierz kurs lub szkolenie\n<\/div><div class=\"bde-text-1063-119 bde-text\">\nPrzegl\u0105daj nasz\u0105 ofert\u0119 i wybierz szkolenie online, na \u017cywo lub stacjonarne. Ka\u017cdy kurs poprzedzony jest kr\u00f3tk\u0105 diagnoz\u0105 potrzeb i poziomu wyj\u015bciowego uczestnika.\n<\/div>\n<\/div><div class=\"bde-column-1063-120 bde-column\" data-entrance=\"fade\">\n  \n  \n\t\n\n\n\n<img decoding=\"async\" class=\"bde-image2-1063-121 bde-image2\" src=\"https:\/\/edumedit.pl\/wp-content\/uploads\/ilustracje-edumedit-4.svg\" loading=\"lazy\">\n<\/div><\/div><div class=\"bde-columns-1063-122 bde-columns\"><div class=\"bde-column-1063-123 bde-column\" data-entrance=\"fade\">\n  \n  \n\t\n\n\n\n<img decoding=\"async\" class=\"bde-image2-1063-124 bde-image2\" src=\"https:\/\/edumedit.pl\/wp-content\/uploads\/ilustracje-edumedit-2.svg\" loading=\"lazy\">\n<\/div><div class=\"bde-column-1063-125 bde-column\">\n  \n  \n\t\n\n\n\n<div class=\"bde-text-1063-153 bde-text\">\nKrok 2.\n<\/div><div class=\"bde-text-1063-126 bde-text\">\nZapisz si\u0119 online\n<\/div><div class=\"bde-text-1063-127 bde-text\">\nZarezerwuj miejsce w kilku prostych krokach. Na tym etapie poznasz cele szkoleniowe oraz efekty uczenia si\u0119 przypisane do kursu.\n<\/div>\n<\/div><\/div><div class=\"bde-columns-1063-128 bde-columns\"><div class=\"bde-column-1063-129 bde-column\">\n  \n  \n\t\n\n\n\n<div class=\"bde-text-1063-154 bde-text\">\nKrok 3.\n<\/div><div class=\"bde-text-1063-130 bde-text\">\nOtrzymaj dost\u0119p 24\/7\n<\/div><div class=\"bde-text-1063-131 bde-text\">\nPo op\u0142aceniu kursu otrzymasz dane logowania do platformy i natychmiastowy dost\u0119p do materia\u0142\u00f3w szkoleniowych.\n<\/div>\n<\/div><div class=\"bde-column-1063-132 bde-column\" data-entrance=\"fade\">\n  \n  \n\t\n\n\n\n<img decoding=\"async\" class=\"bde-image2-1063-133 bde-image2\" src=\"https:\/\/edumedit.pl\/wp-content\/uploads\/ilustracja-8.svg\" loading=\"lazy\">\n<\/div><\/div><div class=\"bde-columns-1063-134 bde-columns\"><div class=\"bde-column-1063-135 bde-column\" data-entrance=\"fade\">\n  \n  \n\t\n\n\n\n<img decoding=\"async\" class=\"bde-image2-1063-136 bde-image2\" src=\"https:\/\/edumedit.pl\/wp-content\/uploads\/ilustracja-6.svg\" loading=\"lazy\">\n<\/div><div class=\"bde-column-1063-137 bde-column\">\n  \n  \n\t\n\n\n\n<div class=\"bde-text-1063-155 bde-text\">\nKrok 4.\n<\/div><div class=\"bde-text-1063-138 bde-text\">\nUcz si\u0119 w dowolnym miejscu i czasie\n<\/div><div class=\"bde-text-1063-139 bde-text\">\nNauka odbywa si\u0119 w Twoim tempie. Materia\u0142y maj\u0105 charakter praktyczny i pozwalaj\u0105 na bie\u017c\u0105ce monitorowanie post\u0119p\u00f3w w nauce.\n<\/div>\n<\/div><\/div><div class=\"bde-columns-1063-140 bde-columns\"><div class=\"bde-column-1063-141 bde-column\">\n  \n  \n\t\n\n\n\n<div class=\"bde-text-1063-156 bde-text\">\nKrok 5.\n<\/div><div class=\"bde-text-1063-142 bde-text\">\nZdob\u0105d\u017a certyfikat\n<\/div><div class=\"bde-text-1063-143 bde-text\">\nPo uko\u0144czeniu kursu i pozytywnej weryfikacji efekt\u00f3w uczenia si\u0119 otrzymasz imienny certyfikat potwierdzaj\u0105cy zdobyte kwalifikacje. Opinie uczestnik\u00f3w s\u0105 wykorzystywane do dalszego doskonalenia oferty.\n<\/div>\n<\/div><div class=\"bde-column-1063-144 bde-column\" data-entrance=\"fade\">\n  \n  \n\t\n\n\n\n<img decoding=\"async\" class=\"bde-image2-1063-145 bde-image2\" src=\"https:\/\/edumedit.pl\/wp-content\/uploads\/ilustracja-2.svg\" loading=\"lazy\">\n<\/div><\/div><\/div>\n<\/section><section class=\"bde-section-1063-102 bde-section\">\n  \n  \n\t\n\n\n\n<div class=\"section-container\"><h2 class=\"bde-dual-heading-1063-103 bde-dual-heading\">\n\n\n            <span data-style=\"primary\" class=\"dual-heading--primary  \">Prosto. Skutecznie. Profesjonalne.<\/span>\n\n            <span data-style=\"secondary\" class=\"dual-heading--secondary  \"><\/br>Tak w\u0142a\u015bnie dzia\u0142a EDUMEDIT.<\/span>\n\n\n\n<\/h2><div class=\"bde-button-1063-111 bde-button\">\n        \n    \n    \n    \n    \n            \n            <button type=\"button\" class=\"button-atom button-atom--primary bde-button__button\"  >\n    \n        <span class=\"button-atom__text\">ZOBACZ WSZYSTKIE KURSY<\/span>\n\n        \n        \n            <\/button>\n    \n\n\n<\/div><\/div>\n<\/section><\/div>","protected":false},"excerpt":{"rendered":"<p>Jak to dzia\u0142a Krok 1. Wybierz kurs lub szkolenie Przegl\u0105daj nasz\u0105 ofert\u0119 i wybierz szkolenie online, na \u017cywo lub stacjonarne. Ka\u017cdy kurs poprzedzony jest kr\u00f3tk\u0105 diagnoz\u0105 potrzeb i poziomu wyj\u015bciowego uczestnika. Krok 2. Zapisz si\u0119 online Zarezerwuj miejsce w kilku prostych krokach. Na tym etapie poznasz cele szkoleniowe oraz efekty uczenia si\u0119 przypisane do kursu. [&hellip;]<\/p>\n","protected":false},"author":1,"featured_media":0,"parent":0,"menu_order":0,"comment_status":"closed","ping_status":"closed","template":"","meta":{"_breakdance_hide_in_design_set":false,"_breakdance_tags":"","footnotes":""},"class_list":["post-1063","page","type-page","status-publish","hentry"],"yoast_head":"<!-- This site is optimized with the Yoast SEO plugin v27.5 - https:\/\/yoast.com\/product\/yoast-seo-wordpress\/ -->\n<title>Jak to dzia\u0142a - EDUMEDIT<\/title>\n<meta name=\"robots\" content=\"index, follow, max-snippet:-1, max-image-preview:large, max-video-preview:-1\" \/>\n<link rel=\"canonical\" href=\"https:\/\/edumedit.pl\/jak-to-dziala\/\" \/>\n<meta property=\"og:locale\" content=\"en_US\" \/>\n<meta property=\"og:type\" content=\"article\" \/>\n<meta property=\"og:title\" content=\"Jak to dzia\u0142a - EDUMEDIT\" \/>\n<meta property=\"og:description\" content=\"Jak to dzia\u0142a Krok 1. Wybierz kurs lub szkolenie Przegl\u0105daj nasz\u0105 ofert\u0119 i wybierz szkolenie online, na \u017cywo lub stacjonarne. Ka\u017cdy kurs poprzedzony jest kr\u00f3tk\u0105 diagnoz\u0105 potrzeb i poziomu wyj\u015bciowego uczestnika. Krok 2. Zapisz si\u0119 online Zarezerwuj miejsce w kilku prostych krokach. Na tym etapie poznasz cele szkoleniowe oraz efekty uczenia si\u0119 przypisane do kursu. [&hellip;]\" \/>\n<meta property=\"og:url\" content=\"https:\/\/edumedit.pl\/jak-to-dziala\/\" \/>\n<meta property=\"og:site_name\" content=\"EDUMEDIT\" \/>\n<meta property=\"article:modified_time\" content=\"2026-04-17T09:10:07+00:00\" \/>\n<meta name=\"twitter:card\" content=\"summary_large_image\" \/>\n<script type=\"application\/ld+json\" class=\"yoast-schema-graph\">{\"@context\":\"https:\\\/\\\/schema.org\",\"@graph\":[{\"@type\":\"WebPage\",\"@id\":\"https:\\\/\\\/edumedit.pl\\\/jak-to-dziala\\\/\",\"url\":\"https:\\\/\\\/edumedit.pl\\\/jak-to-dziala\\\/\",\"name\":\"Jak to dzia\u0142a - EDUMEDIT\",\"isPartOf\":{\"@id\":\"https:\\\/\\\/edumedit.pl\\\/#website\"},\"datePublished\":\"2025-11-28T13:36:47+00:00\",\"dateModified\":\"2026-04-17T09:10:07+00:00\",\"breadcrumb\":{\"@id\":\"https:\\\/\\\/edumedit.pl\\\/jak-to-dziala\\\/#breadcrumb\"},\"inLanguage\":\"en-US\",\"potentialAction\":[{\"@type\":\"ReadAction\",\"target\":[\"https:\\\/\\\/edumedit.pl\\\/jak-to-dziala\\\/\"]}]},{\"@type\":\"BreadcrumbList\",\"@id\":\"https:\\\/\\\/edumedit.pl\\\/jak-to-dziala\\\/#breadcrumb\",\"itemListElement\":[{\"@type\":\"ListItem\",\"position\":1,\"name\":\"Strona g\u0142\u00f3wna\",\"item\":\"https:\\\/\\\/edumedit.pl\\\/en\\\/\"},{\"@type\":\"ListItem\",\"position\":2,\"name\":\"Jak to dzia\u0142a\"}]},{\"@type\":\"WebSite\",\"@id\":\"https:\\\/\\\/edumedit.pl\\\/#website\",\"url\":\"https:\\\/\\\/edumedit.pl\\\/\",\"name\":\"EDUMEDIT\",\"description\":\"\",\"potentialAction\":[{\"@type\":\"SearchAction\",\"target\":{\"@type\":\"EntryPoint\",\"urlTemplate\":\"https:\\\/\\\/edumedit.pl\\\/?s={search_term_string}\"},\"query-input\":{\"@type\":\"PropertyValueSpecification\",\"valueRequired\":true,\"valueName\":\"search_term_string\"}}],\"inLanguage\":\"en-US\"}]}<\/script>\n<!-- \/ Yoast SEO plugin. -->","yoast_head_json":{"title":"Jak to dzia\u0142a - EDUMEDIT","robots":{"index":"index","follow":"follow","max-snippet":"max-snippet:-1","max-image-preview":"max-image-preview:large","max-video-preview":"max-video-preview:-1"},"canonical":"https:\/\/edumedit.pl\/jak-to-dziala\/","og_locale":"en_US","og_type":"article","og_title":"Jak to dzia\u0142a - EDUMEDIT","og_description":"Jak to dzia\u0142a Krok 1. Wybierz kurs lub szkolenie Przegl\u0105daj nasz\u0105 ofert\u0119 i wybierz szkolenie online, na \u017cywo lub stacjonarne. Ka\u017cdy kurs poprzedzony jest kr\u00f3tk\u0105 diagnoz\u0105 potrzeb i poziomu wyj\u015bciowego uczestnika. Krok 2. Zapisz si\u0119 online Zarezerwuj miejsce w kilku prostych krokach. Na tym etapie poznasz cele szkoleniowe oraz efekty uczenia si\u0119 przypisane do kursu. [&hellip;]","og_url":"https:\/\/edumedit.pl\/jak-to-dziala\/","og_site_name":"EDUMEDIT","article_modified_time":"2026-04-17T09:10:07+00:00","twitter_card":"summary_large_image","schema":{"@context":"https:\/\/schema.org","@graph":[{"@type":"WebPage","@id":"https:\/\/edumedit.pl\/jak-to-dziala\/","url":"https:\/\/edumedit.pl\/jak-to-dziala\/","name":"Jak to dzia\u0142a - EDUMEDIT","isPartOf":{"@id":"https:\/\/edumedit.pl\/#website"},"datePublished":"2025-11-28T13:36:47+00:00","dateModified":"2026-04-17T09:10:07+00:00","breadcrumb":{"@id":"https:\/\/edumedit.pl\/jak-to-dziala\/#breadcrumb"},"inLanguage":"en-US","potentialAction":[{"@type":"ReadAction","target":["https:\/\/edumedit.pl\/jak-to-dziala\/"]}]},{"@type":"BreadcrumbList","@id":"https:\/\/edumedit.pl\/jak-to-dziala\/#breadcrumb","itemListElement":[{"@type":"ListItem","position":1,"name":"Strona g\u0142\u00f3wna","item":"https:\/\/edumedit.pl\/en\/"},{"@type":"ListItem","position":2,"name":"Jak to dzia\u0142a"}]},{"@type":"WebSite","@id":"https:\/\/edumedit.pl\/#website","url":"https:\/\/edumedit.pl\/","name":"EDUMEDIT","description":"","potentialAction":[{"@type":"SearchAction","target":{"@type":"EntryPoint","urlTemplate":"https:\/\/edumedit.pl\/?s={search_term_string}"},"query-input":{"@type":"PropertyValueSpecification","valueRequired":true,"valueName":"search_term_string"}}],"inLanguage":"en-US"}]}},"meta_box":[],"_links":{"self":[{"href":"https:\/\/edumedit.pl\/en\/wp-json\/wp\/v2\/pages\/1063","targetHints":{"allow":["GET"]}}],"collection":[{"href":"https:\/\/edumedit.pl\/en\/wp-json\/wp\/v2\/pages"}],"about":[{"href":"https:\/\/edumedit.pl\/en\/wp-json\/wp\/v2\/types\/page"}],"author":[{"embeddable":true,"href":"https:\/\/edumedit.pl\/en\/wp-json\/wp\/v2\/users\/1"}],"replies":[{"embeddable":true,"href":"https:\/\/edumedit.pl\/en\/wp-json\/wp\/v2\/comments?post=1063"}],"version-history":[{"count":1,"href":"https:\/\/edumedit.pl\/en\/wp-json\/wp\/v2\/pages\/1063\/revisions"}],"predecessor-version":[{"id":1084,"href":"https:\/\/edumedit.pl\/en\/wp-json\/wp\/v2\/pages\/1063\/revisions\/1084"}],"wp:attachment":[{"href":"https:\/\/edumedit.pl\/en\/wp-json\/wp\/v2\/media?parent=1063"}],"curies":[{"name":"wp","href":"https:\/\/api.w.org\/{rel}","templated":true}]}}