{"id":1065,"date":"2025-11-28T15:03:02","date_gmt":"2025-11-28T14:03:02","guid":{"rendered":"https:\/\/edumedit.pl\/dlaczego-my\/"},"modified":"2026-04-17T11:09:46","modified_gmt":"2026-04-17T09:09:46","slug":"dlaczego-my","status":"publish","type":"page","link":"https:\/\/edumedit.pl\/en\/dlaczego-my\/","title":{"rendered":"Dlaczego my"},"content":{"rendered":"<div class='breakdance'><section class=\"bde-section-1065-100 bde-section\">\n  \n  \n\t\n\n\n\n<div class=\"section-container\"><h1 class=\"bde-heading-1065-101 bde-heading\">\nDlaczego my\n<\/h1><\/div>\n<\/section><section class=\"bde-section-1065-102 bde-section\">\n  \n  \n\t\n\n\n\n<div class=\"section-container\"><div class=\"bde-columns-1065-103 bde-columns\"><div class=\"bde-column-1065-104 bde-column\">\n  \n  \n\t\n\n\n\n<h2 class=\"bde-heading-1065-105 bde-heading\" data-entrance=\"slideLeft\">\nEDUMEDIT<br>\u2013 rozwijaj si\u0119 z nami!\n<\/h2>\n<\/div><div class=\"bde-column-1065-106 bde-column\" data-entrance=\"slideRight\">\n  \n  \n\t\n\n\n\n<div class=\"bde-rich-text-1065-110 bde-rich-text breakdance-rich-text-styles\">\n<p class=\"p1\">Jeste\u015bmy zespo\u0142em specjalist\u00f3w i praktyk\u00f3w, kt\u00f3rzy wierz\u0105, \u017ce wiedza i rozw\u00f3j to klucz do sukcesu. Nasz\u0105 misj\u0105 jest tworzenie szkole\u0144 i kurs\u00f3w, kt\u00f3re \u0142\u0105cz\u0105 <b>praktyczne umiej\u0119tno\u015bci<\/b>, <b>nowoczesne podej\u015bcie do nauki<\/b> oraz <b>realne efekty zawodowe<\/b>.<\/p>\n<p class=\"p1\">Od pocz\u0105tku dzia\u0142alno\u015bci stawiamy na <b>jako\u015b\u0107, wygod\u0119 i dost\u0119pno\u015b\u0107<\/b>. Dzi\u0119ki platformie EDUMEDIT mo\u017cesz uczy\u0107 si\u0119 <b>gdzie chcesz i kiedy chcesz<\/b> \u2013 wystarczy komputer lub smartfon. Wsp\u00f3\u0142pracujemy z do\u015bwiadczonymi trenerami, ekspertami bran\u017cowymi i instytucjami, kt\u00f3re pomagaj\u0105 naszym uczestnikom rozwija\u0107 karier\u0119, zdobywa\u0107 certyfikaty i kwalifikacje zawodowe.<\/p>\n<p class=\"p1\">Nasze kursy s\u0105 <b>dostosowane do realnych potrzeb rynku pracy<\/b>, co sprawia, \u017ce nasi absolwenci zyskuj\u0105 przewag\u0119 konkurencyjn\u0105 \u2013 niezale\u017cnie od bran\u017cy.<\/p>\n<p class=\"p1\">Dzia\u0142amy zgodnie ze Standardem Us\u0142ug Szkoleniowo-Rozwojowych SUS 3.0 \u2013 audytowanym standardem jako\u015bci szkole\u0144.<\/p>\n<p class=\"p1\"><span class=\"s1\">\u27a1\ufe0f<\/span> <b>EDUMEDIT to edukacja przysz\u0142o\u015bci<\/b> \u2013 skuteczna, elastyczna i dost\u0119pna dla ka\u017cdego.<\/p>\n<\/div>\n<\/div><\/div><\/div>\n<\/section><section class=\"bde-section-1065-111 bde-section\">\n  \n  \n\t\n\n\n\n<div class=\"section-container\"><div class=\"bde-columns-1065-117 bde-columns\" data-entrance=\"slideUp\"><div class=\"bde-column-1065-118 bde-column\">\n  \n  \n\t\n\n\n\n<div class=\"bde-div-1065-119 bde-div\">\n  \n  \n\t\n\n\n\n<img decoding=\"async\" class=\"bde-image2-1065-120 bde-image2\" src=\"https:\/\/edumedit.pl\/wp-content\/uploads\/mb-zdjecie.jpeg\" loading=\"lazy\" srcset=\"https:\/\/edumedit.pl\/wp-content\/uploads\/mb-zdjecie.jpeg 608w, https:\/\/edumedit.pl\/wp-content\/uploads\/mb-zdjecie-448x623.jpeg 448w, https:\/\/edumedit.pl\/wp-content\/uploads\/mb-zdjecie-150x208.jpeg 150w, https:\/\/edumedit.pl\/wp-content\/uploads\/mb-zdjecie-600x834.jpeg 600w\" sizes=\"(max-width: 608px) 100vw, 608px\"><div class=\"bde-div-1065-121 bde-div\">\n  \n  \n\t\n\n\n\n\n<\/div>\n<\/div>\n<\/div><div class=\"bde-column-1065-122 bde-column\">\n  \n  \n\t\n\n\n\n<h2 class=\"bde-heading-1065-123 bde-heading\">\nMaciej Bukowski\n<\/h2><div class=\"bde-text-1065-124 bde-text\">\nCz\u0142onek Zarz\u0105du \/ W\u0142a\u015bciciel EDUMEDIT\n<\/div><div class=\"bde-rich-text-1065-125 bde-rich-text breakdance-rich-text-styles\">\n<p class=\"p1\">In\u017cynier IT z ponad 14-letnim do\u015bwiadczeniem w bran\u017cy technologicznej, specjalizuj\u0105cy si\u0119 w projektowaniu, wdra\u017caniu i zarz\u0105dzaniu systemami informatycznymi oraz automatyzacj\u0105 proces\u00f3w biznesowych.<\/p><p class=\"p1\">Swoj\u0105 karier\u0119 zawodow\u0105 rozwija\u0142 w czo\u0142owych polskich firmach technologicznych i przemys\u0142owych, takich jak:<br \/><b>PESA Bydgoszcz S.A., T Komp Sp. z o.o., SoftBlue S.A., Kolejowe Zak\u0142ady \u0141\u0105czno\u015bci w Bydgoszczy, BluSoft Sp. z o.o., Kobylarnia S.A., Mirbud S.A.<\/b><\/p><p class=\"p1\">Bra\u0142 udzia\u0142 w realizacji licznych projekt\u00f3w z zakresu <b>cyfryzacji, bezpiecze\u0144stwa danych i integracji system\u00f3w<\/b>. Posiada szerokie do\u015bwiadczenie w tworzeniu nowoczesnych rozwi\u0105za\u0144 wspieraj\u0105cych efektywno\u015b\u0107 i niezawodno\u015b\u0107 proces\u00f3w biznesowych.<\/p><p class=\"p1\">Od marca 2025 roku pe\u0142ni funkcj\u0119 <b>w\u0142a\u015bciciela i cz\u0142onka zarz\u0105du sp\u00f3\u0142ki EDUMEDIT<\/b>, gdzie odpowiada za <b>strategi\u0119 technologiczn\u0105 oraz rozw\u00f3j oferty szkoleniowej<\/b> w obszarze edukacji online.<\/p><p class=\"p1\">W swojej pracy kieruje si\u0119 zasad\u0105 \u0142\u0105czenia technologii z praktycznym zastosowaniem w biznesie. Du\u017cy nacisk k\u0142adzie na <b>wysok\u0105 jako\u015b\u0107 szkole\u0144, rzetelno\u015b\u0107 przekazywanej wiedzy oraz nauk\u0119 opart\u0105 na praktyce<\/b>. Wierzy, \u017ce skuteczne szkolenia to takie, kt\u00f3re przek\u0142adaj\u0105 si\u0119 na <b>konkretne umiej\u0119tno\u015bci i realne efekty w pracy kursant\u00f3w<\/b>.<\/p>\n<\/div>\n<\/div><\/div><div class=\"bde-columns-1065-126 bde-columns\" data-entrance=\"slideUp\"><div class=\"bde-column-1065-127 bde-column\">\n  \n  \n\t\n\n\n\n<div class=\"bde-div-1065-135 bde-div\">\n  \n  \n\t\n\n\n\n<img decoding=\"async\" class=\"bde-image2-1065-136 bde-image2\" src=\"https:\/\/edumedit.pl\/wp-content\/uploads\/kb.jpeg\" loading=\"lazy\" srcset=\"https:\/\/edumedit.pl\/wp-content\/uploads\/kb.jpeg 654w, https:\/\/edumedit.pl\/wp-content\/uploads\/kb-448x603.jpeg 448w, https:\/\/edumedit.pl\/wp-content\/uploads\/kb-150x202.jpeg 150w, https:\/\/edumedit.pl\/wp-content\/uploads\/kb-600x808.jpeg 600w\" sizes=\"(max-width: 654px) 100vw, 654px\"><div class=\"bde-div-1065-137 bde-div\">\n  \n  \n\t\n\n\n\n\n<\/div>\n<\/div>\n<\/div><div class=\"bde-column-1065-131 bde-column\">\n  \n  \n\t\n\n\n\n<h2 class=\"bde-heading-1065-132 bde-heading\">\nKatarzyna Bukowska\n<\/h2><div class=\"bde-text-1065-133 bde-text\">\nCz\u0142onek Zarz\u0105du \/ Instruktor i Specjalista ds. Medycyny Estetycznej\n<\/div><div class=\"bde-rich-text-1065-134 bde-rich-text breakdance-rich-text-styles\">\n<p class=\"p1\">Posiada 14-letnie do\u015bwiadczenie w bran\u017cy kosmetycznej. Certyfikowany instruktor z zakresu medycyny estetycznej, stylizacji brwi i rz\u0119s.<\/p><p class=\"p1\">Uko\u0144czy\u0142a studia licencjackie z ekonomii oraz magisterskie z finans\u00f3w, a tak\u017ce posiada dyplom technika us\u0142ug kosmetycznych. Absolwentka <b>Uniwersytetu Miko\u0142aja Kopernika w Toruniu<\/b>. Obecnie studentka piel\u0119gniarstwa.<\/p><p class=\"p1\">Zdobywa\u0142a wiedz\u0119 w presti\u017cowych o\u015brodkach szkoleniowych, m.in. w <b>Instytucie Medycyny i Kosmetologii we Wroc\u0142awiu<\/b>, <b>Medestetic w Krakowie<\/b>, <b>Dermina w Gorzowie Wielkopolskim<\/b>, <b>Candy Estetic w Kielcach<\/b>, <b>Warszawskiej Szkole Kosmetologii<\/b>, <b>Eliksir w Gdyni<\/b> oraz <b>Mezoderm w \u015awieciu<\/b> \u2013 pod okiem najlepszych specjalist\u00f3w w bran\u017cy.<\/p><p class=\"p1\">W pracy stawia na <b>naturalny efekt i bezpiecze\u0144stwo<\/b>. Stale podnosi swoje kwalifikacje, uczestnicz\u0105c w konferencjach i szkoleniach.<br \/>Do tej pory przeszkoli\u0142a <b>ponad 500 kursant\u00f3w<\/b>.<\/p>\n<\/div>\n<\/div><\/div><\/div>\n<\/section><\/div>","protected":false},"excerpt":{"rendered":"<p>Dlaczego my EDUMEDIT\u2013 rozwijaj si\u0119 z nami! Jeste\u015bmy zespo\u0142em specjalist\u00f3w i praktyk\u00f3w, kt\u00f3rzy wierz\u0105, \u017ce wiedza i rozw\u00f3j to klucz do sukcesu. Nasz\u0105 misj\u0105 jest tworzenie szkole\u0144 i kurs\u00f3w, kt\u00f3re \u0142\u0105cz\u0105 praktyczne umiej\u0119tno\u015bci, nowoczesne podej\u015bcie do nauki oraz realne efekty zawodowe. Od pocz\u0105tku dzia\u0142alno\u015bci stawiamy na jako\u015b\u0107, wygod\u0119 i dost\u0119pno\u015b\u0107. Dzi\u0119ki platformie EDUMEDIT mo\u017cesz uczy\u0107 [&hellip;]<\/p>\n","protected":false},"author":1,"featured_media":0,"parent":0,"menu_order":0,"comment_status":"closed","ping_status":"closed","template":"","meta":{"_breakdance_hide_in_design_set":false,"_breakdance_tags":"","footnotes":""},"class_list":["post-1065","page","type-page","status-publish","hentry"],"yoast_head":"<!-- This site is optimized with the Yoast SEO plugin v27.5 - https:\/\/yoast.com\/product\/yoast-seo-wordpress\/ -->\n<title>Dlaczego my - EDUMEDIT<\/title>\n<meta name=\"robots\" content=\"index, follow, max-snippet:-1, max-image-preview:large, max-video-preview:-1\" \/>\n<link rel=\"canonical\" href=\"https:\/\/edumedit.pl\/en\/dlaczego-my\/\" \/>\n<meta property=\"og:locale\" content=\"en_US\" \/>\n<meta property=\"og:type\" content=\"article\" \/>\n<meta property=\"og:title\" content=\"Dlaczego my - EDUMEDIT\" \/>\n<meta property=\"og:description\" content=\"Dlaczego my EDUMEDIT\u2013 rozwijaj si\u0119 z nami! Jeste\u015bmy zespo\u0142em specjalist\u00f3w i praktyk\u00f3w, kt\u00f3rzy wierz\u0105, \u017ce wiedza i rozw\u00f3j to klucz do sukcesu. Nasz\u0105 misj\u0105 jest tworzenie szkole\u0144 i kurs\u00f3w, kt\u00f3re \u0142\u0105cz\u0105 praktyczne umiej\u0119tno\u015bci, nowoczesne podej\u015bcie do nauki oraz realne efekty zawodowe. Od pocz\u0105tku dzia\u0142alno\u015bci stawiamy na jako\u015b\u0107, wygod\u0119 i dost\u0119pno\u015b\u0107. Dzi\u0119ki platformie EDUMEDIT mo\u017cesz uczy\u0107 [&hellip;]\" \/>\n<meta property=\"og:url\" content=\"https:\/\/edumedit.pl\/en\/dlaczego-my\/\" \/>\n<meta property=\"og:site_name\" content=\"EDUMEDIT\" \/>\n<meta property=\"article:modified_time\" content=\"2026-04-17T09:09:46+00:00\" \/>\n<meta name=\"twitter:card\" content=\"summary_large_image\" \/>\n<script type=\"application\/ld+json\" class=\"yoast-schema-graph\">{\"@context\":\"https:\\\/\\\/schema.org\",\"@graph\":[{\"@type\":\"WebPage\",\"@id\":\"https:\\\/\\\/edumedit.pl\\\/en\\\/dlaczego-my\\\/\",\"url\":\"https:\\\/\\\/edumedit.pl\\\/en\\\/dlaczego-my\\\/\",\"name\":\"Dlaczego my - EDUMEDIT\",\"isPartOf\":{\"@id\":\"https:\\\/\\\/edumedit.pl\\\/#website\"},\"datePublished\":\"2025-11-28T14:03:02+00:00\",\"dateModified\":\"2026-04-17T09:09:46+00:00\",\"breadcrumb\":{\"@id\":\"https:\\\/\\\/edumedit.pl\\\/en\\\/dlaczego-my\\\/#breadcrumb\"},\"inLanguage\":\"en-US\",\"potentialAction\":[{\"@type\":\"ReadAction\",\"target\":[\"https:\\\/\\\/edumedit.pl\\\/en\\\/dlaczego-my\\\/\"]}]},{\"@type\":\"BreadcrumbList\",\"@id\":\"https:\\\/\\\/edumedit.pl\\\/en\\\/dlaczego-my\\\/#breadcrumb\",\"itemListElement\":[{\"@type\":\"ListItem\",\"position\":1,\"name\":\"Strona g\u0142\u00f3wna\",\"item\":\"https:\\\/\\\/edumedit.pl\\\/en\\\/\"},{\"@type\":\"ListItem\",\"position\":2,\"name\":\"Dlaczego my\"}]},{\"@type\":\"WebSite\",\"@id\":\"https:\\\/\\\/edumedit.pl\\\/#website\",\"url\":\"https:\\\/\\\/edumedit.pl\\\/\",\"name\":\"EDUMEDIT\",\"description\":\"\",\"potentialAction\":[{\"@type\":\"SearchAction\",\"target\":{\"@type\":\"EntryPoint\",\"urlTemplate\":\"https:\\\/\\\/edumedit.pl\\\/?s={search_term_string}\"},\"query-input\":{\"@type\":\"PropertyValueSpecification\",\"valueRequired\":true,\"valueName\":\"search_term_string\"}}],\"inLanguage\":\"en-US\"}]}<\/script>\n<!-- \/ Yoast SEO plugin. -->","yoast_head_json":{"title":"Dlaczego my - EDUMEDIT","robots":{"index":"index","follow":"follow","max-snippet":"max-snippet:-1","max-image-preview":"max-image-preview:large","max-video-preview":"max-video-preview:-1"},"canonical":"https:\/\/edumedit.pl\/en\/dlaczego-my\/","og_locale":"en_US","og_type":"article","og_title":"Dlaczego my - EDUMEDIT","og_description":"Dlaczego my EDUMEDIT\u2013 rozwijaj si\u0119 z nami! Jeste\u015bmy zespo\u0142em specjalist\u00f3w i praktyk\u00f3w, kt\u00f3rzy wierz\u0105, \u017ce wiedza i rozw\u00f3j to klucz do sukcesu. Nasz\u0105 misj\u0105 jest tworzenie szkole\u0144 i kurs\u00f3w, kt\u00f3re \u0142\u0105cz\u0105 praktyczne umiej\u0119tno\u015bci, nowoczesne podej\u015bcie do nauki oraz realne efekty zawodowe. Od pocz\u0105tku dzia\u0142alno\u015bci stawiamy na jako\u015b\u0107, wygod\u0119 i dost\u0119pno\u015b\u0107. Dzi\u0119ki platformie EDUMEDIT mo\u017cesz uczy\u0107 [&hellip;]","og_url":"https:\/\/edumedit.pl\/en\/dlaczego-my\/","og_site_name":"EDUMEDIT","article_modified_time":"2026-04-17T09:09:46+00:00","twitter_card":"summary_large_image","schema":{"@context":"https:\/\/schema.org","@graph":[{"@type":"WebPage","@id":"https:\/\/edumedit.pl\/en\/dlaczego-my\/","url":"https:\/\/edumedit.pl\/en\/dlaczego-my\/","name":"Dlaczego my - EDUMEDIT","isPartOf":{"@id":"https:\/\/edumedit.pl\/#website"},"datePublished":"2025-11-28T14:03:02+00:00","dateModified":"2026-04-17T09:09:46+00:00","breadcrumb":{"@id":"https:\/\/edumedit.pl\/en\/dlaczego-my\/#breadcrumb"},"inLanguage":"en-US","potentialAction":[{"@type":"ReadAction","target":["https:\/\/edumedit.pl\/en\/dlaczego-my\/"]}]},{"@type":"BreadcrumbList","@id":"https:\/\/edumedit.pl\/en\/dlaczego-my\/#breadcrumb","itemListElement":[{"@type":"ListItem","position":1,"name":"Strona g\u0142\u00f3wna","item":"https:\/\/edumedit.pl\/en\/"},{"@type":"ListItem","position":2,"name":"Dlaczego my"}]},{"@type":"WebSite","@id":"https:\/\/edumedit.pl\/#website","url":"https:\/\/edumedit.pl\/","name":"EDUMEDIT","description":"","potentialAction":[{"@type":"SearchAction","target":{"@type":"EntryPoint","urlTemplate":"https:\/\/edumedit.pl\/?s={search_term_string}"},"query-input":{"@type":"PropertyValueSpecification","valueRequired":true,"valueName":"search_term_string"}}],"inLanguage":"en-US"}]}},"meta_box":[],"_links":{"self":[{"href":"https:\/\/edumedit.pl\/en\/wp-json\/wp\/v2\/pages\/1065","targetHints":{"allow":["GET"]}}],"collection":[{"href":"https:\/\/edumedit.pl\/en\/wp-json\/wp\/v2\/pages"}],"about":[{"href":"https:\/\/edumedit.pl\/en\/wp-json\/wp\/v2\/types\/page"}],"author":[{"embeddable":true,"href":"https:\/\/edumedit.pl\/en\/wp-json\/wp\/v2\/users\/1"}],"replies":[{"embeddable":true,"href":"https:\/\/edumedit.pl\/en\/wp-json\/wp\/v2\/comments?post=1065"}],"version-history":[{"count":1,"href":"https:\/\/edumedit.pl\/en\/wp-json\/wp\/v2\/pages\/1065\/revisions"}],"predecessor-version":[{"id":1076,"href":"https:\/\/edumedit.pl\/en\/wp-json\/wp\/v2\/pages\/1065\/revisions\/1076"}],"wp:attachment":[{"href":"https:\/\/edumedit.pl\/en\/wp-json\/wp\/v2\/media?parent=1065"}],"curies":[{"name":"wp","href":"https:\/\/api.w.org\/{rel}","templated":true}]}}