{"id":1072,"date":"2026-01-17T17:35:42","date_gmt":"2026-01-17T16:35:42","guid":{"rendered":"https:\/\/edumedit.pl\/wymagania-techniczne\/"},"modified":"2026-04-17T11:08:13","modified_gmt":"2026-04-17T09:08:13","slug":"wymagania-techniczne","status":"publish","type":"page","link":"https:\/\/edumedit.pl\/en\/wymagania-techniczne\/","title":{"rendered":"Wymagania techniczne"},"content":{"rendered":"<div class='breakdance'><section class=\"bde-section-1072-100 bde-section\">\n  \n  \n\t\n\n\n\n<div class=\"section-container\"><h1 class=\"bde-heading-1072-101 bde-heading\">\nWymagania techniczne\n<\/h1><\/div>\n<\/section><section class=\"bde-section-1072-102 bde-section\">\n  \n  \n\t\n\n\n\n<div class=\"section-container\"><div class=\"bde-rich-text-1072-103 bde-rich-text breakdance-rich-text-styles\">\n<p><b>Wymagania techniczne do udzia\u0142u w szkoleniach<\/b><\/p>\n<p><span style=\"font-weight: 400;\">Aby w pe\u0142ni korzysta\u0107 ze szkole\u0144 oferowanych przez EDUMEDIT, uczestnik powinien spe\u0142nia\u0107 poni\u017csze wymagania techniczne.<\/span><\/p>\n<p><b>Sprz\u0119t<\/b><\/p>\n<ul>\n<li style=\"font-weight: 400;\" aria-level=\"1\"><span style=\"font-weight: 400;\">komputer stacjonarny lub laptop<\/span><span style=\"font-weight: 400;\"><br \/><\/span><i><span style=\"font-weight: 400;\">(rekomendowane \u2013 dla pe\u0142nego komfortu nauki)<\/span><\/i><\/li>\n<li style=\"font-weight: 400;\" aria-level=\"1\"><span style=\"font-weight: 400;\">tablet lub smartfon<\/span><span style=\"font-weight: 400;\"><br \/><\/span><i><span style=\"font-weight: 400;\">(mo\u017cliwe korzystanie, jednak niekt\u00f3re elementy szkolenia mog\u0105 by\u0107 mniej wygodne)<\/span><\/i><\/li>\n<li style=\"font-weight: 400;\" aria-level=\"1\"><span style=\"font-weight: 400;\">s\u0142uchawki lub g\u0142o\u015bniki<\/span><\/li>\n<li style=\"font-weight: 400;\" aria-level=\"1\"><span style=\"font-weight: 400;\">opcjonalnie: kamera i mikrofon (w przypadku szkole\u0144 na \u017cywo)<\/span><\/li>\n<\/ul>\n<p><b>Po\u0142\u0105czenie z Internetem<\/b><\/p>\n<ul>\n<li style=\"font-weight: 400;\" aria-level=\"1\"><span style=\"font-weight: 400;\">stabilne po\u0142\u0105czenie internetowe<\/span><\/li>\n<li style=\"font-weight: 400;\" aria-level=\"1\"><span style=\"font-weight: 400;\">minimalna rekomendowana pr\u0119dko\u015b\u0107: <\/span><b>10 Mbps lub wi\u0119cej<\/b><\/li>\n<\/ul>\n<p><b>Oprogramowanie i przegl\u0105darka<\/b><\/p>\n<ul>\n<li style=\"font-weight: 400;\" aria-level=\"1\"><span style=\"font-weight: 400;\">aktualna wersja jednej z przegl\u0105darek:<\/span>\n<ul>\n<li style=\"font-weight: 400;\" aria-level=\"2\"><span style=\"font-weight: 400;\">Google Chrome<\/span><\/li>\n<li style=\"font-weight: 400;\" aria-level=\"2\"><span style=\"font-weight: 400;\">Mozilla Firefox<\/span><\/li>\n<li style=\"font-weight: 400;\" aria-level=\"2\"><span style=\"font-weight: 400;\">Microsoft Edge<\/span><\/li>\n<li style=\"font-weight: 400;\" aria-level=\"2\"><span style=\"font-weight: 400;\">Safari<\/span><\/li>\n<\/ul>\n<\/li>\n<li style=\"font-weight: 400;\" aria-level=\"1\"><span style=\"font-weight: 400;\">w\u0142\u0105czona obs\u0142uga JavaScript i plik\u00f3w cookies<\/span><\/li>\n<li style=\"font-weight: 400;\" aria-level=\"1\"><span style=\"font-weight: 400;\">mo\u017cliwo\u015b\u0107 odtwarzania plik\u00f3w wideo i audio<\/span><\/li>\n<\/ul>\n<p><b>Dost\u0119p do platformy szkoleniowej<\/b><\/p>\n<ul>\n<li style=\"font-weight: 400;\" aria-level=\"1\"><span style=\"font-weight: 400;\">dost\u0119p do aktywnego adresu e-mail<\/span><\/li>\n<li style=\"font-weight: 400;\" aria-level=\"1\"><span style=\"font-weight: 400;\">mo\u017cliwo\u015b\u0107 logowania si\u0119 do platformy szkoleniowej<\/span><\/li>\n<li style=\"font-weight: 400;\" aria-level=\"1\"><span style=\"font-weight: 400;\">przegl\u0105darka umo\u017cliwiaj\u0105ca wy\u015bwietlanie materia\u0142\u00f3w edukacyjnych (wideo, pliki PDF, testy)<\/span><\/li>\n<\/ul>\n<p><b>Szkolenia online na \u017cywo (je\u015bli dotyczy)<\/b><\/p>\n<p><span style=\"font-weight: 400;\">W przypadku szkole\u0144 prowadzonych w formule online na \u017cywo wymagane mo\u017ce by\u0107:<\/span><\/p>\n<ul>\n<li style=\"font-weight: 400;\" aria-level=\"1\"><span style=\"font-weight: 400;\">konto w narz\u0119dziu do wideokonferencji (np. Zoom, Microsoft Teams)<\/span><\/li>\n<li style=\"font-weight: 400;\" aria-level=\"1\"><span style=\"font-weight: 400;\">sprawny mikrofon i kamera (zalecane)<\/span><\/li>\n<\/ul>\n<p><span style=\"font-weight: 400;\">Szczeg\u00f3\u0142owe informacje techniczne przekazywane s\u0105 uczestnikom przed rozpocz\u0119ciem szkolenia.<\/span><\/p>\n<p><b>Odpowiedzialno\u015b\u0107 uczestnika<\/b><\/p>\n<p><span style=\"font-weight: 400;\">Uczestnik odpowiada za spe\u0142nienie minimalnych wymaga\u0144 technicznych niezb\u0119dnych do udzia\u0142u w szkoleniu. Organizator nie ponosi odpowiedzialno\u015bci za problemy techniczne wynikaj\u0105ce z niespe\u0142nienia powy\u017cszych wymaga\u0144.<\/span><\/p>\n<\/div><\/div>\n<\/section><\/div>","protected":false},"excerpt":{"rendered":"<p>Wymagania techniczne Wymagania techniczne do udzia\u0142u w szkoleniach Aby w pe\u0142ni korzysta\u0107 ze szkole\u0144 oferowanych przez EDUMEDIT, uczestnik powinien spe\u0142nia\u0107 poni\u017csze wymagania techniczne. Sprz\u0119t komputer stacjonarny lub laptop(rekomendowane \u2013 dla pe\u0142nego komfortu nauki) tablet lub smartfon(mo\u017cliwe korzystanie, jednak niekt\u00f3re elementy szkolenia mog\u0105 by\u0107 mniej wygodne) s\u0142uchawki lub g\u0142o\u015bniki opcjonalnie: kamera i mikrofon (w przypadku szkole\u0144 [&hellip;]<\/p>\n","protected":false},"author":1,"featured_media":0,"parent":0,"menu_order":0,"comment_status":"closed","ping_status":"closed","template":"","meta":{"_breakdance_hide_in_design_set":false,"_breakdance_tags":"","footnotes":""},"class_list":["post-1072","page","type-page","status-publish","hentry"],"yoast_head":"<!-- This site is optimized with the Yoast SEO plugin v27.5 - https:\/\/yoast.com\/product\/yoast-seo-wordpress\/ -->\n<title>Wymagania techniczne - EDUMEDIT<\/title>\n<meta name=\"robots\" content=\"index, follow, max-snippet:-1, max-image-preview:large, max-video-preview:-1\" \/>\n<link rel=\"canonical\" href=\"https:\/\/edumedit.pl\/wymagania-techniczne\/\" \/>\n<meta property=\"og:locale\" content=\"en_US\" \/>\n<meta property=\"og:type\" content=\"article\" \/>\n<meta property=\"og:title\" content=\"Wymagania techniczne - EDUMEDIT\" \/>\n<meta property=\"og:description\" content=\"Wymagania techniczne Wymagania techniczne do udzia\u0142u w szkoleniach Aby w pe\u0142ni korzysta\u0107 ze szkole\u0144 oferowanych przez EDUMEDIT, uczestnik powinien spe\u0142nia\u0107 poni\u017csze wymagania techniczne. Sprz\u0119t komputer stacjonarny lub laptop(rekomendowane \u2013 dla pe\u0142nego komfortu nauki) tablet lub smartfon(mo\u017cliwe korzystanie, jednak niekt\u00f3re elementy szkolenia mog\u0105 by\u0107 mniej wygodne) s\u0142uchawki lub g\u0142o\u015bniki opcjonalnie: kamera i mikrofon (w przypadku szkole\u0144 [&hellip;]\" \/>\n<meta property=\"og:url\" content=\"https:\/\/edumedit.pl\/wymagania-techniczne\/\" \/>\n<meta property=\"og:site_name\" content=\"EDUMEDIT\" \/>\n<meta property=\"article:modified_time\" content=\"2026-04-17T09:08:13+00:00\" \/>\n<meta name=\"twitter:card\" content=\"summary_large_image\" \/>\n<script type=\"application\/ld+json\" class=\"yoast-schema-graph\">{\"@context\":\"https:\\\/\\\/schema.org\",\"@graph\":[{\"@type\":\"WebPage\",\"@id\":\"https:\\\/\\\/edumedit.pl\\\/wymagania-techniczne\\\/\",\"url\":\"https:\\\/\\\/edumedit.pl\\\/wymagania-techniczne\\\/\",\"name\":\"Wymagania techniczne - EDUMEDIT\",\"isPartOf\":{\"@id\":\"https:\\\/\\\/edumedit.pl\\\/#website\"},\"datePublished\":\"2026-01-17T16:35:42+00:00\",\"dateModified\":\"2026-04-17T09:08:13+00:00\",\"breadcrumb\":{\"@id\":\"https:\\\/\\\/edumedit.pl\\\/wymagania-techniczne\\\/#breadcrumb\"},\"inLanguage\":\"en-US\",\"potentialAction\":[{\"@type\":\"ReadAction\",\"target\":[\"https:\\\/\\\/edumedit.pl\\\/wymagania-techniczne\\\/\"]}]},{\"@type\":\"BreadcrumbList\",\"@id\":\"https:\\\/\\\/edumedit.pl\\\/wymagania-techniczne\\\/#breadcrumb\",\"itemListElement\":[{\"@type\":\"ListItem\",\"position\":1,\"name\":\"Strona g\u0142\u00f3wna\",\"item\":\"https:\\\/\\\/edumedit.pl\\\/en\\\/\"},{\"@type\":\"ListItem\",\"position\":2,\"name\":\"Wymagania techniczne\"}]},{\"@type\":\"WebSite\",\"@id\":\"https:\\\/\\\/edumedit.pl\\\/#website\",\"url\":\"https:\\\/\\\/edumedit.pl\\\/\",\"name\":\"EDUMEDIT\",\"description\":\"\",\"potentialAction\":[{\"@type\":\"SearchAction\",\"target\":{\"@type\":\"EntryPoint\",\"urlTemplate\":\"https:\\\/\\\/edumedit.pl\\\/?s={search_term_string}\"},\"query-input\":{\"@type\":\"PropertyValueSpecification\",\"valueRequired\":true,\"valueName\":\"search_term_string\"}}],\"inLanguage\":\"en-US\"}]}<\/script>\n<!-- \/ Yoast SEO plugin. -->","yoast_head_json":{"title":"Wymagania techniczne - EDUMEDIT","robots":{"index":"index","follow":"follow","max-snippet":"max-snippet:-1","max-image-preview":"max-image-preview:large","max-video-preview":"max-video-preview:-1"},"canonical":"https:\/\/edumedit.pl\/wymagania-techniczne\/","og_locale":"en_US","og_type":"article","og_title":"Wymagania techniczne - EDUMEDIT","og_description":"Wymagania techniczne Wymagania techniczne do udzia\u0142u w szkoleniach Aby w pe\u0142ni korzysta\u0107 ze szkole\u0144 oferowanych przez EDUMEDIT, uczestnik powinien spe\u0142nia\u0107 poni\u017csze wymagania techniczne. Sprz\u0119t komputer stacjonarny lub laptop(rekomendowane \u2013 dla pe\u0142nego komfortu nauki) tablet lub smartfon(mo\u017cliwe korzystanie, jednak niekt\u00f3re elementy szkolenia mog\u0105 by\u0107 mniej wygodne) s\u0142uchawki lub g\u0142o\u015bniki opcjonalnie: kamera i mikrofon (w przypadku szkole\u0144 [&hellip;]","og_url":"https:\/\/edumedit.pl\/wymagania-techniczne\/","og_site_name":"EDUMEDIT","article_modified_time":"2026-04-17T09:08:13+00:00","twitter_card":"summary_large_image","schema":{"@context":"https:\/\/schema.org","@graph":[{"@type":"WebPage","@id":"https:\/\/edumedit.pl\/wymagania-techniczne\/","url":"https:\/\/edumedit.pl\/wymagania-techniczne\/","name":"Wymagania techniczne - EDUMEDIT","isPartOf":{"@id":"https:\/\/edumedit.pl\/#website"},"datePublished":"2026-01-17T16:35:42+00:00","dateModified":"2026-04-17T09:08:13+00:00","breadcrumb":{"@id":"https:\/\/edumedit.pl\/wymagania-techniczne\/#breadcrumb"},"inLanguage":"en-US","potentialAction":[{"@type":"ReadAction","target":["https:\/\/edumedit.pl\/wymagania-techniczne\/"]}]},{"@type":"BreadcrumbList","@id":"https:\/\/edumedit.pl\/wymagania-techniczne\/#breadcrumb","itemListElement":[{"@type":"ListItem","position":1,"name":"Strona g\u0142\u00f3wna","item":"https:\/\/edumedit.pl\/en\/"},{"@type":"ListItem","position":2,"name":"Wymagania techniczne"}]},{"@type":"WebSite","@id":"https:\/\/edumedit.pl\/#website","url":"https:\/\/edumedit.pl\/","name":"EDUMEDIT","description":"","potentialAction":[{"@type":"SearchAction","target":{"@type":"EntryPoint","urlTemplate":"https:\/\/edumedit.pl\/?s={search_term_string}"},"query-input":{"@type":"PropertyValueSpecification","valueRequired":true,"valueName":"search_term_string"}}],"inLanguage":"en-US"}]}},"meta_box":[],"_links":{"self":[{"href":"https:\/\/edumedit.pl\/en\/wp-json\/wp\/v2\/pages\/1072","targetHints":{"allow":["GET"]}}],"collection":[{"href":"https:\/\/edumedit.pl\/en\/wp-json\/wp\/v2\/pages"}],"about":[{"href":"https:\/\/edumedit.pl\/en\/wp-json\/wp\/v2\/types\/page"}],"author":[{"embeddable":true,"href":"https:\/\/edumedit.pl\/en\/wp-json\/wp\/v2\/users\/1"}],"replies":[{"embeddable":true,"href":"https:\/\/edumedit.pl\/en\/wp-json\/wp\/v2\/comments?post=1072"}],"version-history":[{"count":2,"href":"https:\/\/edumedit.pl\/en\/wp-json\/wp\/v2\/pages\/1072\/revisions"}],"predecessor-version":[{"id":1074,"href":"https:\/\/edumedit.pl\/en\/wp-json\/wp\/v2\/pages\/1072\/revisions\/1074"}],"wp:attachment":[{"href":"https:\/\/edumedit.pl\/en\/wp-json\/wp\/v2\/media?parent=1072"}],"curies":[{"name":"wp","href":"https:\/\/api.w.org\/{rel}","templated":true}]}}